{"id":55867,"date":"2021-09-29T10:07:04","date_gmt":"2021-09-29T08:07:04","guid":{"rendered":"https:\/\/www.nuovacorti.it\/home\/?post_type=product&#038;p=55867"},"modified":"2021-09-29T10:07:37","modified_gmt":"2021-09-29T08:07:37","slug":"casco-ciclismo-strada-specialized-s-works-evade-ii-angi-mips","status":"publish","type":"product","link":"https:\/\/www.nuovacorti.it\/home\/prodotto\/casco-ciclismo-strada-specialized-s-works-evade-ii-angi-mips\/","title":{"rendered":"Casco Ciclismo Strada Specialized S-Works Evade II ANGI MIPS"},"content":{"rendered":"<p><strong>Casco Ciclismo Strada Specialized S-Works Evade II ANGI MIPS<\/strong><\/p>\n<p>Per molto tempo i caschi sono stati caratterizzati da due caratteristiche tra queste tre: leggerezza, ventilazione e aerodinamicit\u00e0. Come sapete per\u00f2, noi non rispettiamo queste regole &#8211; o in realt\u00e0 non ci importano. Preferiamo cambiare gli standard e creare prodotti che ancora nessuno ha immaginato. Per dimostrarlo, basta vedere il casco S-Works Evade. E&#8217; semplicemente il casco da strada pi\u00f9 veloce che ci sia.<\/p>\n<h5><strong>Sicurezza<\/strong><\/h5>\n<p>Inoltre, il sensore &#8216;crash&#8217; ANGI ti far\u00e0 stare tranquillo &#8211; se abbinato alla App Android o iOS, il sensore rileva le eventuali cadute e invia un SMS ai contatti che hai selezionato sul tuo telefono. Il sensore si sincronizza con la App e STRAVA\u00ae per fornire una traccia dell&#8217;attivit\u00e0 basandosi sul GPS.<\/p>\n<p>Insieme agli ideatori di MIPS abbiamo creato MIPS SL &#8211; una versione nuova, ultraleggera ed estremamente confortevole MIPS SL fondamentalmente integra la tecnologia MIPS nell&#8217;imbottitura del casco stesso. Il sistema di fissaggio minimalista fornisce da 10 a 15 mm di rotazione in ogni direzione, offrendo cos\u00ec gli stessi vantaggi protettivi degli altri sistemi MIPS, e allo stesso tempo \u00e8 molto leggero e confortevole.<\/p>\n<h5><strong>Aerodinamica<\/strong><\/h5>\n<p>Per lo sviluppo aerodinamico dell&#8217; Evade, ci siamo praticamente trasferiti nella galleria del vento. Averla a completa disposizione ci permette di partire con l&#8217;aerodinamicit\u00e0 del design, invece di fare le prove a posteriori. Le prestazioni di questo casco sono state analizzate a fondo nella galleria del vento, per poi continuare con le prove su strada, per non lasciare nulla al caso. Il nuovo Evade \u00e8 stato realizzato grazie a numerosissime ore di sviluppo e prove, ed il risultato \u00e8 il casco da strada pi\u00f9 veloce che abbiamo mai testato.<\/p>\n<p>Non solo abbiamo ridotto la resistenza all&#8217;aria, siamo riusciti a farlo senza compromettere la sicurezza grazie alla nuova costruzione in EPS Energy Optimized Multi-Density (densit\u00e0 differenziata a seconda delle zone). Per quanto riguarda la ventilazione, l&#8217;aria che passa liberamente attraverso il casco lo rende pi\u00f9 fresco che mai, oltre a ridurre la resistenza. L&#8217;aerodinamica e la ventilazione viaggiano in modo parallelo e sono state ottimizzate insieme nella galleria del vento, per trovare la combinazione migliore. Le prese d&#8217;aria e le scanalature interne sono state create per fare entrare la quantit\u00e0 massima di aria attraverso il casco, per una ventilazione perfetta. Il nuovo Evade \u00e8 fresco, sembra di pedalare senza casco. Il casco aerodinamico pi\u00f9 fresco sul mercato.<\/p>\n<p>Indossare l&#8217;Evade ti far\u00e0 risparmiare 50 secondi su una distanza di 40km, rispetto ad un casco da strada tradizionale e circa 6 secondi rispetto alla versione precedente. In poche parole, fresco e anche veloce. Sul mercato dei caschi da strada, non c&#8217;\u00e8 nulla di simile.<\/p>\n<h5><strong>Calzata<\/strong><\/h5>\n<p>Infine, ma certamente non meno importante, un casco veloce non serve a nulla se la calzata non \u00e8 perfetta. L&#8217;S-Works Evade ha tutte le caratteristiche che ti puoi aspettare da un casco di alta gamma, come il nostro sistema di posizionamento Mindset HairPort 2 con micro-regolazione, cinghietti morbidi e indeformabili e dispositivo Gutter Action per evitare che il sudore entri negli occhi.<\/p>\n<ul>\n<li>Comprende sensore &#8216;crash&#8217; ANGI.(<a href=\"https:\/\/www.specialized.com\/it\/it\/angi\">Per saperne di pi\u00f9&#8230;<\/a>)<\/li>\n<li>Comprende l&#8217;iscrizione gratuita a vita alla Specialized Ride App.<\/li>\n<li>Il sistema MIPS SL \u00e8 la versione pi\u00f9 leggera e confortevole di MIPS ed \u00e8 attualmente disponibile esclusivamente su alcuni caschi Specialized. (<a href=\"https:\/\/www.youtube.com\/embed\/OwNbUqRVRsM\" target=\"_blank\" rel=\"noopener\">Guarda il video<\/a>\u00a0|\u00a0<a href=\"https:\/\/www.specialized.com\/it\/it\/faq\/mips\">Domande Frequenti<\/a>)<\/li>\n<li>Grazie al suo sviluppo nella galleria del vento, l&#8217;Evade \u00e8 il casco da strada pi\u00f9 veloce.<\/li>\n<li>Ventilazione &#8220;4th Dimension Cooling&#8221;, con ampie prese d&#8217;aria, profonde scanalature interne e sfoghi allineati.<\/li>\n<li>Costruzione brevettata in Energy Optimized Multi-Density EPS per una perfetta gestione degli impatti.<\/li>\n<li>Struttura interna in Aramide: costruita specificatamente per la gestione degli impatti e per limitare il peso.<\/li>\n<li>Leggerissimo sistema di regolazione in verticale Mindset Hairport II con micro-registro per calzata perfetta.<\/li>\n<li>Imbottiture Gutter Action sulla fronte per il comfort e per la gestione del sudore.<\/li>\n<li>Il materiale sottile, morbido e leggero 4X DryLite con il quale sono realizzati i cinghietti non si sfilaccia a causa del sudore o dell&#8217;acqua.<\/li>\n<\/ul>\n<p>Il <strong>Casco Ciclismo Strada Specialized S-Works Evade II ANGI MIPS<\/strong><strong>\u00a0<\/strong>\u00e8 disponibile nelle seguenti taglie:<\/p>\n<p>S, M, L<\/p>\n<div>Milkywayshop.it \u00e8 lo store online dello storico negozio fisico di Sassuolo (MO)\u00a0<a href=\"https:\/\/www.nuovacorti.it\/home\/\">Nuova<\/a><a href=\"https:\/\/www.nuovacorti.it\/home\/\"> Corti Shop S.R.L<\/a><\/div>\n<div>Ci troviamo in Viale Palestro 19, Sassuolo provincia di Modena.<\/div>\n<div><strong>Per qualsiasi informazione non esitare a\u00a0<a href=\"https:\/\/milkywayshop.it\/contatti\/\">contattarci!<\/a><\/strong><\/div>\n<div>Grazie e Buon Acquisto.<\/div>\n","protected":false},"excerpt":{"rendered":"<p>Per molto tempo i caschi sono stati caratterizzati da diverse caratteristiche tra queste: leggerezza, ventilazione e aerodinamicit\u00e0. A Specialized non importa di queste regole. Preferisce cambiare gli standard e creare prodotti che ancora nessuno ha immaginato. Per dimostrarlo, basta vedere il casco S-Works Evade. E&#8217; semplicemente il casco da strada pi\u00f9 veloce che ci sia.<\/p>\n","protected":false},"featured_media":55882,"comment_status":"closed","ping_status":"closed","template":"","meta":[],"product_cat":[726,727],"product_tag":[],"_links":{"self":[{"href":"https:\/\/www.nuovacorti.it\/home\/wp-json\/wp\/v2\/product\/55867"}],"collection":[{"href":"https:\/\/www.nuovacorti.it\/home\/wp-json\/wp\/v2\/product"}],"about":[{"href":"https:\/\/www.nuovacorti.it\/home\/wp-json\/wp\/v2\/types\/product"}],"replies":[{"embeddable":true,"href":"https:\/\/www.nuovacorti.it\/home\/wp-json\/wp\/v2\/comments?post=55867"}],"wp:featuredmedia":[{"embeddable":true,"href":"https:\/\/www.nuovacorti.it\/home\/wp-json\/wp\/v2\/media\/55882"}],"wp:attachment":[{"href":"https:\/\/www.nuovacorti.it\/home\/wp-json\/wp\/v2\/media?parent=55867"}],"wp:term":[{"taxonomy":"product_cat","embeddable":true,"href":"https:\/\/www.nuovacorti.it\/home\/wp-json\/wp\/v2\/product_cat?post=55867"},{"taxonomy":"product_tag","embeddable":true,"href":"https:\/\/www.nuovacorti.it\/home\/wp-json\/wp\/v2\/product_tag?post=55867"}],"curies":[{"name":"wp","href":"https:\/\/api.w.org\/{rel}","templated":true}]}}