{"id":55986,"date":"2021-09-29T10:08:02","date_gmt":"2021-09-29T08:08:02","guid":{"rendered":"https:\/\/www.nuovacorti.it\/home\/?post_type=product&#038;p=55986"},"modified":"2021-09-29T10:08:46","modified_gmt":"2021-09-29T08:08:46","slug":"casco-active-specialized-centro-led-mips","status":"publish","type":"product","link":"https:\/\/www.nuovacorti.it\/home\/prodotto\/casco-active-specialized-centro-led-mips\/","title":{"rendered":"Casco Active Specialized Centro Led MIPS"},"content":{"rendered":"<p><strong>Casco Active Specialized Centro Led MIPS<\/strong><\/p>\n<p>Il Centro LED \u00e8 pi\u00f9 di un casco per la citt\u00e0. La luce LED integrata, insieme ai cinghietti riflettenti aumentano la tua visibilit\u00e0, il sistema di posizionamento a misura unica \u00e8 semplice da regolare, la calotta in-molded \u00e8 leggera e protettiva. Tecnologia MIPS (Multi-Directional Impact Protection System) per una protezione ancora pi\u00f9 completa .<\/p>\n<ul>\n<li>Il sistema di tenuta \u00e8 predisposto per l&#8217;integrazione di un sensore ANGi. (<a href=\"https:\/\/www.specialized.com\/angi\">Per saperne di pi\u00f9&#8230;<\/a>)<\/li>\n<li>Costruzione MIPS (<a href=\"https:\/\/www.youtube.com\/embed\/OwNbUqRVRsM\" target=\"_blank\" rel=\"noopener\">Guarda il video<\/a>\u00a0|\u00a0<a href=\"https:\/\/www.specialized.com\/it\/it\/faq\/mips\">Domande Frequenti<\/a>)<\/li>\n<li>Luce posteriore a LED integrata per la visibilit\u00e0 in tutte le condizioni.<\/li>\n<li>Sistema di regolazione HeadSet SX con registro per la micro regolazione di facile utilizzo e per un sicuro posizionamento del casco.<\/li>\n<li>Ventilazione &#8220;4th Dimension Cooling&#8221;.<\/li>\n<li>Calotta in-mold per la massima robustezza e per contenere il peso.<\/li>\n<li>Dispositivo Tri-Fix per garantire semplicit\u00e0 nella regolazione dei cinghietti.<\/li>\n<li>Nastro riflettente sui cinghietti per ulteriore sicurezza.<\/li>\n<li>Fornito completo di visiera clip-on.<\/li>\n<li>Il casco pu\u00f2 essere chiuso insieme alla bici, con il cavo oppure un lucchetto rigido dalla parte posteriore.<\/li>\n<\/ul>\n<p>Il <strong>Casco Active Specialized Centro Led MIPS<\/strong><strong>\u00a0<\/strong>\u00e8 disponibile nelle seguenti taglie:<\/p>\n<p>Taglia unica regolabile<\/p>\n<div>Milkywayshop.it \u00e8 lo store online dello storico negozio fisico di Sassuolo (MO)\u00a0<a href=\"https:\/\/www.nuovacorti.it\/home\/\">Nuovo Corti Shop S.R.L<\/a><\/div>\n<div>Ci troviamo in Viale Palestro 19, Sassuolo provincia di Modena.<\/div>\n<div><strong>Per qualsiasi informazione non esitare a\u00a0<a href=\"https:\/\/milkywayshop.it\/contatti\/\">contattarci!<\/a><\/strong><\/div>\n<div>Grazie e Buon Acquisto.<\/div>\n","protected":false},"excerpt":{"rendered":"<p>Il Centro LED \u00e8 pi\u00f9 di un casco per la citt\u00e0. La luce LED integrata, insieme ai cinghietti riflettenti aumentano la tua visibilit\u00e0, il sistema di posizionamento a misura unica \u00e8 semplice da regolare, la calotta in-molded \u00e8 leggera e protettiva. Tecnologia MIPS (Multi-Directional Impact Protection System) per una protezione ancora pi\u00f9 completa .<\/p>\n","protected":false},"featured_media":56002,"comment_status":"closed","ping_status":"closed","template":"","meta":[],"product_cat":[726,733],"product_tag":[],"_links":{"self":[{"href":"https:\/\/www.nuovacorti.it\/home\/wp-json\/wp\/v2\/product\/55986"}],"collection":[{"href":"https:\/\/www.nuovacorti.it\/home\/wp-json\/wp\/v2\/product"}],"about":[{"href":"https:\/\/www.nuovacorti.it\/home\/wp-json\/wp\/v2\/types\/product"}],"replies":[{"embeddable":true,"href":"https:\/\/www.nuovacorti.it\/home\/wp-json\/wp\/v2\/comments?post=55986"}],"wp:featuredmedia":[{"embeddable":true,"href":"https:\/\/www.nuovacorti.it\/home\/wp-json\/wp\/v2\/media\/56002"}],"wp:attachment":[{"href":"https:\/\/www.nuovacorti.it\/home\/wp-json\/wp\/v2\/media?parent=55986"}],"wp:term":[{"taxonomy":"product_cat","embeddable":true,"href":"https:\/\/www.nuovacorti.it\/home\/wp-json\/wp\/v2\/product_cat?post=55986"},{"taxonomy":"product_tag","embeddable":true,"href":"https:\/\/www.nuovacorti.it\/home\/wp-json\/wp\/v2\/product_tag?post=55986"}],"curies":[{"name":"wp","href":"https:\/\/api.w.org\/{rel}","templated":true}]}}