{"id":56031,"date":"2021-09-29T10:08:25","date_gmt":"2021-09-29T08:08:25","guid":{"rendered":"https:\/\/www.nuovacorti.it\/home\/?post_type=product&#038;p=56031"},"modified":"2021-09-29T10:09:06","modified_gmt":"2021-09-29T08:09:06","slug":"bici-da-corsa-specialized-s-works-aethos-sram-2021","status":"publish","type":"product","link":"https:\/\/www.nuovacorti.it\/home\/prodotto\/bici-da-corsa-specialized-s-works-aethos-sram-2021\/","title":{"rendered":"Bici da Corsa Specialized S-Works Aethos Sram 2021"},"content":{"rendered":"<p>Bici da Corsa Specialized S-Works Aethos Sram 2021 Il telaio S-Works Aethos \u00e8 stato progettato per creare la combinazione perfetta di qualit\u00e0 di guida, leggerezza e stile &#8211; per poter accelerare anche in ripide salite, scendere dalle discese pi\u00f9 tecniche e per essere confortevoli anche durante le lunghe uscite della domenica. Ma ti chiederai, come abbiamo fatto? Abbiamo re-inventato la forma tradizionale del bici da corsa del passato, cambiandola leggermente per ottimizzare la rigidit\u00e0 ed il bilanciamento, senza compromettere il peso o la resistenza. Con un lay-up del tutto nuovo, perfezionato in molti decenni, si ottiene il telaio pi\u00f9 leggero sul mercato (585 grammi per il telaio S-Works misura 56). La Aethos \u00e8 pi\u00f9 di una nuova bici, \u00e8 l&#8217;inizio di una nuova generazione.Un telaio leggerissimo non serve a nulla se le caratteristiche di guida non inspirano confidenza. Ecco perch\u00e9 per la Aethos abbiamo cercato il mix perfetto di rigidit\u00e0 sull&#8217;anteriore e sul posteriore in relazione alla qualit\u00e0 di guida. Studiando la flessibilit\u00e0 e ogni minimo dettaglio delle fibre di carbonio, abbiamo scoperto molto su come le forze attraversano il telaio. Ti basteranno pochi colpi di pedale per realizzarti che la Aethos rappresenta uno standard nuovo di guida.Ogni dettaglio, dal supporto cambio all&#8217;expander sull&#8217;attacco, \u00e8 stato progettato in funzione dello stile, del peso e della resistenza. Abbiamo inoltre previsto ruote e il nuovo reggisella Alpinist in fibra di carbonio per limare ulteriore peso e per ottimizzare le caratteristiche di guida &#8211; tutto per la guidabilit\u00e0 perfetta.La\u00a0Bici Strada Specialized S-Works Aethos Sram E-Tap 2021\u00a0\u00e8 disponibile nelle seguenti misure:49, 52, 54, 56, 58, 61<\/p>\n","protected":false},"excerpt":{"rendered":"<p>Se al telaio pi\u00f9 leggero al mondo abbini il gruppo SRAM RED eTAP AXS a 12 velocit\u00e0 e leggerissime ruote Roval Alpinist, la tua pedalata sar\u00e0 perfettamente bilanciata, senza lasciare nulla al caso sul piano delle prestazioni. AETHOS.<\/p>\n","protected":false},"featured_media":56045,"comment_status":"open","ping_status":"closed","template":"","meta":[],"product_cat":[737,693],"product_tag":[],"_links":{"self":[{"href":"https:\/\/www.nuovacorti.it\/home\/wp-json\/wp\/v2\/product\/56031"}],"collection":[{"href":"https:\/\/www.nuovacorti.it\/home\/wp-json\/wp\/v2\/product"}],"about":[{"href":"https:\/\/www.nuovacorti.it\/home\/wp-json\/wp\/v2\/types\/product"}],"replies":[{"embeddable":true,"href":"https:\/\/www.nuovacorti.it\/home\/wp-json\/wp\/v2\/comments?post=56031"}],"wp:featuredmedia":[{"embeddable":true,"href":"https:\/\/www.nuovacorti.it\/home\/wp-json\/wp\/v2\/media\/56045"}],"wp:attachment":[{"href":"https:\/\/www.nuovacorti.it\/home\/wp-json\/wp\/v2\/media?parent=56031"}],"wp:term":[{"taxonomy":"product_cat","embeddable":true,"href":"https:\/\/www.nuovacorti.it\/home\/wp-json\/wp\/v2\/product_cat?post=56031"},{"taxonomy":"product_tag","embeddable":true,"href":"https:\/\/www.nuovacorti.it\/home\/wp-json\/wp\/v2\/product_tag?post=56031"}],"curies":[{"name":"wp","href":"https:\/\/api.w.org\/{rel}","templated":true}]}}