{"id":56232,"date":"2021-09-29T10:10:15","date_gmt":"2021-09-29T08:10:15","guid":{"rendered":"https:\/\/www.nuovacorti.it\/home\/?post_type=product&#038;p=56232"},"modified":"2021-09-29T10:10:26","modified_gmt":"2021-09-29T08:10:26","slug":"bici-da-corsa-specialized-tarmac-sport-sl6-2021","status":"publish","type":"product","link":"https:\/\/www.nuovacorti.it\/home\/prodotto\/bici-da-corsa-specialized-tarmac-sport-sl6-2021\/","title":{"rendered":"Bici da Corsa Specialized Tarmac Sport SL6 2021"},"content":{"rendered":"<p><strong>Bici da Corsa Specialized Tarmac Sport SL6 2021<\/strong><\/p>\n<p>Come allestimento abbiamo scelto la trasmissione Shimano 105 con freni a disco idraulici, resistenti ruote DT R470 Disc e sella Power.<\/p>\n<ul>\n<li>Per la costruzione del telaio in fibra di carbonio FACT 9r ci siamo serviti di software utilizzato nell&#8217;industria aerospaziale per ottimizzare materiali compositi.<\/li>\n<li>Cinquecento pezzi di carbonio che compongono sette misure diverse di telaio con la stessa qualit\u00e0 di guida &#8211; ecco cos&#8217;\u00e8 Rider-First Engineered\u2122. Ogni telaio ha il proprio lay up schedule tarato per specifici target di prestazioni, grazie all&#8217;orientamento delle fibre, la quantit\u00e0 di materiale in zone specifiche e qualit\u00e0 di carbonio dedicati.<\/li>\n<li>L&#8217;aerodinamica \u00e8 un fattore essenziale se vogliamo farti andare pi\u00f9 veloce. Il nostro obiettivo \u00e8 stato quindi cercare vantaggi in questo senso, senza compromettere la leggerezza della Tarmac. Durante il periodo di sviluppo abbiamo scoperto tre aree dove potevamo ottenere dei risultati\u2014un nuovo profilo per la forcella, foderi verticali ribassati con profilo aerodinamico ed un piantone e reggisella con profilo a D. Il risultato \u00e8 una bici che \u00e8 circa 45 secondi pi\u00f9 veloce su una distanza di 40km rispetto ad altre bici della stessa categoria.<\/li>\n<li>La geometria Performance Road si basa sulla raccolta dati Ret\u00fcl e sugli input ricevuti da parte di atleti professionisti e perfeziona la combinazione di un avantreno reattivo con un interasse corto, ottenendo risposte istantanee ed un trasferimento di potenza ottimale.<\/li>\n<\/ul>\n<p>La <strong>Bici da Corsa Specialized Tarmac Sport SL6 2021<\/strong>\u00a0\u00e8 disponibile nelle seguenti misure:<\/p>\n<p>49, 52, 54, 56, 58, 61<\/p>\n<div>Milkywayshop.it \u00e8 lo store online dello storico negozio fisico di Sassuolo (MO)\u00a0<a href=\"https:\/\/www.nuovacorti.it\/home\/\">Nuovo Corti Shop S.R.L<\/a><\/div>\n<div>Ci troviamo in Viale Palestro 19, Sassuolo provincia di Modena.<\/div>\n<div><strong>Per qualsiasi informazione non esitare a\u00a0<a href=\"https:\/\/milkywayshop.it\/contatti\/\">contattarci!<\/a><\/strong><\/div>\n<div>Grazie e Buon Acquisto.<\/div>\n","protected":false},"excerpt":{"rendered":"<p>Bici da Corsa Specialized Tarmac Sport SL6 2021 con telaio in carbonio, freni a disco e trasmissione Shimano 105. Ottimo rapporto qualit\u00e0 &#8211; prezzo.<\/p>\n","protected":false},"featured_media":56252,"comment_status":"open","ping_status":"closed","template":"","meta":[],"product_cat":[737],"product_tag":[],"_links":{"self":[{"href":"https:\/\/www.nuovacorti.it\/home\/wp-json\/wp\/v2\/product\/56232"}],"collection":[{"href":"https:\/\/www.nuovacorti.it\/home\/wp-json\/wp\/v2\/product"}],"about":[{"href":"https:\/\/www.nuovacorti.it\/home\/wp-json\/wp\/v2\/types\/product"}],"replies":[{"embeddable":true,"href":"https:\/\/www.nuovacorti.it\/home\/wp-json\/wp\/v2\/comments?post=56232"}],"wp:featuredmedia":[{"embeddable":true,"href":"https:\/\/www.nuovacorti.it\/home\/wp-json\/wp\/v2\/media\/56252"}],"wp:attachment":[{"href":"https:\/\/www.nuovacorti.it\/home\/wp-json\/wp\/v2\/media?parent=56232"}],"wp:term":[{"taxonomy":"product_cat","embeddable":true,"href":"https:\/\/www.nuovacorti.it\/home\/wp-json\/wp\/v2\/product_cat?post=56232"},{"taxonomy":"product_tag","embeddable":true,"href":"https:\/\/www.nuovacorti.it\/home\/wp-json\/wp\/v2\/product_tag?post=56232"}],"curies":[{"name":"wp","href":"https:\/\/api.w.org\/{rel}","templated":true}]}}