{"id":56276,"date":"2021-09-29T10:10:30","date_gmt":"2021-09-29T08:10:30","guid":{"rendered":"https:\/\/www.nuovacorti.it\/home\/?post_type=product&#038;p=56276"},"modified":"2021-09-29T10:11:07","modified_gmt":"2021-09-29T08:11:07","slug":"telaio-da-corsa-specialized-s-works-tarmac-sl7-2021-nero","status":"publish","type":"product","link":"https:\/\/www.nuovacorti.it\/home\/prodotto\/telaio-da-corsa-specialized-s-works-tarmac-sl7-2021-nero\/","title":{"rendered":"Telaio da Corsa Specialized S-Works Tarmac SL7 2021 NERO"},"content":{"rendered":"<p><strong>Telaio da Corsa Specialized S-Works Tarmac SL7 2021 NERO<\/strong><\/p>\n<h5><strong>Aerodinamica<\/strong><\/h5>\n<p>L\u2019aerodinamica \u00e8 tutto\u201d \u00e8 il motto che Specialized adotta da anni ed \u00e8 anche quello che caratterizza il design della nuova Tarmac. Per le tubazioni che creano il telaio pi\u00f9 veloce e sempre conforme al regolamento UCI hanno tratto ispirazione dalla Venge e dalla loro collezione di profili ottimizzati \u2018FreeFoil Shape Library\u2019. Sono tornati nella nostra galleria del vento per creare una test bike modulare con questi profili. Il risultato \u00e8 la nuova Tarmac, la pi\u00f9 veloce finora. Senza compromessi, pura velocit\u00e0.<\/p>\n<p>Nel percorso per creare la nuova Tarmac, cos\u00ec come per tutte le nostri bici per l\u2019agonismo su strada, il peso era un altro fattore discriminante. Precedentemente le bici aerodinamiche pagavano dazio sotto l\u2019aspetto del peso \u2013 pi\u00f9 riducevi la resistenza all\u2019aria, pi\u00f9 aumentavi il peso.<\/p>\n<p>Con la nuova Tarmac, la nostra filosofia nel design era di mantenerlo, di serie, al limite del regolamento UCI o appena sotto. Con la FreeFoil Shape Library, strumenti come l\u2019analisi FEA e qualche \u2018trucchetto\u2019 di ingegneria di alto livello, siamo riusciti nell\u2019intento.<\/p>\n<p>L\u2019esperienza nel creare la Venge ci ha inoltre aiutato nella creazione di un \u2018cockpit\u2019 pulito e veloce. Il passaggio cavi \u00e8 stato migliorato per qualsiasi configurazione mantenendo allo stesso tempo l\u2019aerodinamicit\u00e0. Le stesse caratteristiche che rendono la nuova Tarmac di facile utilizzo e pratica nei viaggi.<\/p>\n<p>Sempre con l\u2019obiettivo di sviluppare la migliore bici per l\u2019agonismo su strada, hanno utilizzato la nostra tecnologia Rider-First Engineered\u2122, per garantire che la nuova Tarmac fosse bilanciata e maneggevole in ogni misura di telaio.<\/p>\n<h5><strong>Feedback<\/strong><\/h5>\n<p>Grazie al feedback ricevuto da atleti delle tre squadre professionistiche Boels-Dolmans, Deceuninck-Quick-Step, e Bora-hansgrohe e basato sui loro migliaia di chilometri su strada , abbiamo apportato dei cambiamenti sulla Tarmac.<\/p>\n<p>Un bilanciamento nuovo per la qualit\u00e0 di guida tra l\u2019avantreno ed il carro posteriore, in modo che persino le lunghissime giornate in sella siano pi\u00f9 confortevoli, senza compromettere la leggendaria maneggevolezza e reattivit\u00e0 della Tarmac.<\/p>\n<p>Il\u00a0<strong>Telaio da Corsa Specialized S-Works Tarmac SL7 2021 NERO<\/strong>\u00a0\u00e8 disponibile nelle seguenti misure:<\/p>\n<p>49, 52, 54, 56, 58, 61<\/p>\n<div>Milkywayshop.it \u00e8 lo store online dello storico negozio fisico di Sassuolo (MO)\u00a0<a href=\"https:\/\/www.nuovacorti.it\/home\/\">Nuovo Corti Shop S.R.L<\/a><\/div>\n<div>Ci troviamo in Viale Palestro 19, Sassuolo provincia di Modena.<\/div>\n<div><strong>Per qualsiasi informazione non esitare a\u00a0<a href=\"https:\/\/milkywayshop.it\/contatti\/\">contattarci!<\/a><\/strong><\/div>\n<div>Grazie e Buon Acquisto.<\/div>\n","protected":false},"excerpt":{"rendered":"<p>Telaio da Corsa Specialized S-Works Tarmac SL7 2021 NERO in carbonio per freni a disco. Il telaio S-Works Tarmac \u00e8 il perfetto punto di partenza per creare la bici dei tuoi sogni. La nuova Tarmac, la bici pi\u00f9 veloce su qualsiasi strada.<\/p>\n","protected":false},"featured_media":56287,"comment_status":"open","ping_status":"closed","template":"","meta":[],"product_cat":[694],"product_tag":[],"_links":{"self":[{"href":"https:\/\/www.nuovacorti.it\/home\/wp-json\/wp\/v2\/product\/56276"}],"collection":[{"href":"https:\/\/www.nuovacorti.it\/home\/wp-json\/wp\/v2\/product"}],"about":[{"href":"https:\/\/www.nuovacorti.it\/home\/wp-json\/wp\/v2\/types\/product"}],"replies":[{"embeddable":true,"href":"https:\/\/www.nuovacorti.it\/home\/wp-json\/wp\/v2\/comments?post=56276"}],"wp:featuredmedia":[{"embeddable":true,"href":"https:\/\/www.nuovacorti.it\/home\/wp-json\/wp\/v2\/media\/56287"}],"wp:attachment":[{"href":"https:\/\/www.nuovacorti.it\/home\/wp-json\/wp\/v2\/media?parent=56276"}],"wp:term":[{"taxonomy":"product_cat","embeddable":true,"href":"https:\/\/www.nuovacorti.it\/home\/wp-json\/wp\/v2\/product_cat?post=56276"},{"taxonomy":"product_tag","embeddable":true,"href":"https:\/\/www.nuovacorti.it\/home\/wp-json\/wp\/v2\/product_tag?post=56276"}],"curies":[{"name":"wp","href":"https:\/\/api.w.org\/{rel}","templated":true}]}}