{"id":56443,"date":"2021-09-29T10:12:03","date_gmt":"2021-09-29T08:12:03","guid":{"rendered":"https:\/\/www.nuovacorti.it\/home\/?post_type=product&#038;p=56443"},"modified":"2021-09-29T10:12:20","modified_gmt":"2021-09-29T08:12:20","slug":"bici-mtb-specialized-rockhopper-expert-2021","status":"publish","type":"product","link":"https:\/\/www.nuovacorti.it\/home\/prodotto\/bici-mtb-specialized-rockhopper-expert-2021\/","title":{"rendered":"Bici MTB Specialized Rockhopper Expert 2021"},"content":{"rendered":"<p><strong>Bici MTB Specialized Rockhopper Expert 2021<\/strong><\/p>\n<p>La Rockhopper Expert \u00e8 il risultato di 30 anni di esperienza nell&#8217; avvicinare valore e prestazioni. Il telaio in alluminio A1 Premium ha una geometria moderna che regala efficienza e confidenza allo stesso tempo. La forcella RockShox Judy SoloAir, i freni a disco idraulici Shimano MT200, trasmissione SRAM SX Eagle 1&#215;12 rendono la Rockhopper Expert pronta a volare.<\/p>\n<ul>\n<li>Il nuovo telaio in lega leggera A1 Premium \u00e8 il vero cuore di questa Rockhopper. Grazie alle tubazioni lavorate il peso \u00e8 ridotto mentre la struttura \u00e8 molto resistente. Lo spazio dello standover \u00e8 molto ampio, c&#8217;\u00e8 il passaggio cavi interno ed il telaio \u00e8 compatibile con l&#8217;utilizzo di reggisella telescopico. Con l&#8217;obiettivo di fornire la posizione ottimale per ogni rider, le Rockhopper 2021 vengono fornite con due dimensioni ruota, cos\u00ec la maneggevolezza \u00e8 assicurata per tutti.<\/li>\n<li>Ottimo rapporto qualit\u00e0\/prezzo grazie alla forcella RockShox Judy SoloAir con molla ad aria e TurnKey damper.<\/li>\n<li>Agile in salita e efficiente in discesa, grazie alla trasmissione SRAM SX Eagle 1&#215;12.<\/li>\n<li>Massima versatilit\u00e0 grazie ai cerchi e agli pneumatici tubeless-ready.<\/li>\n<\/ul>\n<div><b>La <strong>Bici MTB Specialized Rockhopper Expert 2021<\/strong><\/b><strong>\u00a0<\/strong>\u00e8 disponibile nelle seguenti taglie:<\/div>\n<div>S, M, L, XL<\/div>\n<div><\/div>\n<div>\n<div>Milkywayshop.it \u00e8 lo store online dello storico negozio fisico di Sassuolo (MO)\u00a0<a href=\"https:\/\/www.nuovacorti.it\/home\/\">Nuovo Corti Shop S.R.L<\/a><\/div>\n<div>Ci troviamo in Viale Palestro 19, Sassuolo provincia di Modena.<\/div>\n<div><strong>Per qualsiasi informazione non esitare a\u00a0<a href=\"http:\/\/lucam17.sg-host.com\/elements\/pages\/contact\/\">contattarci!<\/a><\/strong><\/div>\n<div>Grazie e Buon Acquisto.<\/div>\n<\/div>\n<p>&nbsp;<\/p>\n","protected":false},"excerpt":{"rendered":"<p>La Rockhopper Expert \u00e8 il risultato di 30 anni di esperienza nell&#8217; avvicinare valore e prestazioni. Il telaio in alluminio A1 Premium ha una geometria moderna che regala efficienza e confidenza allo stesso tempo. La forcella RockShox Judy SoloAir, i freni a disco idraulici Shimano MT200, trasmissione SRAM SX Eagle 1&#215;12 rendono la Rockhopper Expert pronta a volare.<\/p>\n","protected":false},"featured_media":56465,"comment_status":"open","ping_status":"closed","template":"","meta":[],"product_cat":[756,757],"product_tag":[],"_links":{"self":[{"href":"https:\/\/www.nuovacorti.it\/home\/wp-json\/wp\/v2\/product\/56443"}],"collection":[{"href":"https:\/\/www.nuovacorti.it\/home\/wp-json\/wp\/v2\/product"}],"about":[{"href":"https:\/\/www.nuovacorti.it\/home\/wp-json\/wp\/v2\/types\/product"}],"replies":[{"embeddable":true,"href":"https:\/\/www.nuovacorti.it\/home\/wp-json\/wp\/v2\/comments?post=56443"}],"wp:featuredmedia":[{"embeddable":true,"href":"https:\/\/www.nuovacorti.it\/home\/wp-json\/wp\/v2\/media\/56465"}],"wp:attachment":[{"href":"https:\/\/www.nuovacorti.it\/home\/wp-json\/wp\/v2\/media?parent=56443"}],"wp:term":[{"taxonomy":"product_cat","embeddable":true,"href":"https:\/\/www.nuovacorti.it\/home\/wp-json\/wp\/v2\/product_cat?post=56443"},{"taxonomy":"product_tag","embeddable":true,"href":"https:\/\/www.nuovacorti.it\/home\/wp-json\/wp\/v2\/product_tag?post=56443"}],"curies":[{"name":"wp","href":"https:\/\/api.w.org\/{rel}","templated":true}]}}