{"id":56507,"date":"2021-09-29T10:12:40","date_gmt":"2021-09-29T08:12:40","guid":{"rendered":"https:\/\/www.nuovacorti.it\/home\/?post_type=product&#038;p=56507"},"modified":"2021-09-29T10:13:05","modified_gmt":"2021-09-29T08:13:05","slug":"bici-mtb-specialized-s-works-epic-2021","status":"publish","type":"product","link":"https:\/\/www.nuovacorti.it\/home\/prodotto\/bici-mtb-specialized-s-works-epic-2021\/","title":{"rendered":"Bici MTB Specialized S-Works Epic 2021"},"content":{"rendered":"<p><strong>Bici MTB Specialized S-Works Epic 2021<\/strong><\/p>\n<h6>Un BRAIN pi\u00f9 intelligente<\/h6>\n<p>La nuova Epic, sempre sinonimo di velocit\u00e0, monta l&#8217;ultima versione di sospensione BRAIN, con un progetto nuovo sviluppato in concomitanza con la bici ed \u00e8 efficiente e tarata per le gare.<\/p>\n<h6>Nuovo Telaio<\/h6>\n<p>Il nuovo telaio della S-Works Epic punta su un trasferimento efficiente della potenza ed una maneggevolezza migliore. Il carro posteriore \u00e8 15% pi\u00f9 rigido della versione precedente per poter sfruttare la nuova piattaforma del BRAIN con taratura racing. Il nuovo lay-up dedicato della fibra di carbonio FACT 12M \u00e8 ancora pi\u00f9 leggero e con il link ammortizzatore in carbonio si arriva ad una riduzione del peso di oltre 100 grammi in confronto alla S-Works Epic precedente.<\/p>\n<p>In perfetta combinazione all&#8217;ammortizzatore Brain, l&#8217;S-Works Epic monta una forcella RockShox SID SL Ultimate Brain Position Sensitive. Il risultato \u00e8 un avantreno pi\u00f9 rigido e preciso.<\/p>\n<p>Completano il quadro il gruppo SRAM XX1 Eagle AXS elettronico e ruote in carbonio Roval Control SL.<\/p>\n<ul>\n<li>Se la velocit\u00e0 potesse parlare, si presenterebbe come S-Works Epic. Con 100mm di escursione sulla ruota posteriore, controllato con efficienza dal Brain, il carro posteriore pi\u00f9 rigido per un trasferimento di potenza perfetto, l&#8217;utilizzo di fibra di carbonio FACT 12m e un link ammortizzatore in carbonio, questo telaio full \u00e8 quello pi\u00f9 leggero che abbiamo mai realizzato, oltre ad essere molto capace. Molto piacere, velocit\u00e0.<\/li>\n<li>Per la forcella il meglio per l&#8217;XC racing: RockShox SID SL Ultimate con 100mm di corsa.<\/li>\n<li>Gruppo MTB elettronico molto leggero, SRAM XX1 Eagle AXS, progettato per resistere ai rigori delle gare di Coppa del Mondo.<\/li>\n<li>Nuovi cerchi Roval Control SL, larghezza interna 29mm, molto resistenti e leggeri, e pi\u00f9 resistenti alle pizzicature del 22%.<\/li>\n<\/ul>\n<p>La <strong>Bici MTB Specialized S-Works Epic 2021<\/strong><strong>\u00a0<\/strong>\u00e8 disponibile nelle seguenti misure:<\/p>\n<p>S, M, L, XL<\/p>\n<div>Milkywayshop.it \u00e8 lo store online dello storico negozio fisico di Sassuolo (MO)\u00a0<a href=\"https:\/\/www.nuovacorti.it\/home\/\">Nuova Corti Shop S.R.L<\/a><\/div>\n<div>Ci troviamo in Viale Palestro 19, Sassuolo provincia di Modena.<\/div>\n<div><strong>Per qualsiasi informazione non esitare a\u00a0<a href=\"https:\/\/milkywayshop.it\/contatti\/\">contattarci!<\/a><\/strong><\/div>\n<div>Grazie e Buon Acquisto.<\/div>\n","protected":false},"excerpt":{"rendered":"<p>L&#8217;S-Works Epic abbina efficienza da hardtail alla capacit\u00e0 della full suspension, ed \u00e8 il simbolo di una ossessione per la velocit\u00e0. Oltre ovviamente essere definita da oltre cento vittorie e podi in Coppa del Mondo.<\/p>\n","protected":false},"featured_media":56537,"comment_status":"open","ping_status":"closed","template":"","meta":[],"product_cat":[756,758],"product_tag":[],"_links":{"self":[{"href":"https:\/\/www.nuovacorti.it\/home\/wp-json\/wp\/v2\/product\/56507"}],"collection":[{"href":"https:\/\/www.nuovacorti.it\/home\/wp-json\/wp\/v2\/product"}],"about":[{"href":"https:\/\/www.nuovacorti.it\/home\/wp-json\/wp\/v2\/types\/product"}],"replies":[{"embeddable":true,"href":"https:\/\/www.nuovacorti.it\/home\/wp-json\/wp\/v2\/comments?post=56507"}],"wp:featuredmedia":[{"embeddable":true,"href":"https:\/\/www.nuovacorti.it\/home\/wp-json\/wp\/v2\/media\/56537"}],"wp:attachment":[{"href":"https:\/\/www.nuovacorti.it\/home\/wp-json\/wp\/v2\/media?parent=56507"}],"wp:term":[{"taxonomy":"product_cat","embeddable":true,"href":"https:\/\/www.nuovacorti.it\/home\/wp-json\/wp\/v2\/product_cat?post=56507"},{"taxonomy":"product_tag","embeddable":true,"href":"https:\/\/www.nuovacorti.it\/home\/wp-json\/wp\/v2\/product_tag?post=56507"}],"curies":[{"name":"wp","href":"https:\/\/api.w.org\/{rel}","templated":true}]}}