{"id":56689,"date":"2021-09-29T10:14:21","date_gmt":"2021-09-29T08:14:21","guid":{"rendered":"https:\/\/www.nuovacorti.it\/home\/?post_type=product&#038;p=56689"},"modified":"2021-09-29T10:14:34","modified_gmt":"2021-09-29T08:14:34","slug":"bici-ciclocross-specialized-crux-2021","status":"publish","type":"product","link":"https:\/\/www.nuovacorti.it\/home\/prodotto\/bici-ciclocross-specialized-crux-2021\/","title":{"rendered":"Bici Ciclocross Specialized CruX 2021"},"content":{"rendered":"<p><strong>Bici Ciclocross Specialized CruX 2021<\/strong><\/p>\n<div>\n<p>Questa Crux monta il gruppo SRAM Apex 1 con freni a disco idraulici, robuste ruote Axis Elite Disc e pneumatici Tracer Sport 700&#215;33 perfetti per terreni tecnici.Per il telaio abbiamo adottato la nostra tecnologia Rider-First Engineered\u2122, sviluppata inizialmente per le Tarmac. Con tubazioni e layup specifici per ogni taglia, questa tecnologia garantisce lo stesso comportamento di guida per tutte le misure di telaio. Non solo, la CruX \u00e8 anche molto leggera.<\/p>\n<\/div>\n<p>Sappiamo anche che le gare di ciclocross spesso si vincono nelle curve passando e scavalcando gli ostacoli. La geometria della CruX ne tiene conto. Il profilo delle tubazioni rende agevole portare la bici in spalla, l&#8217;apertura del triangolo principale \u00e8 ampia. Per la stabilit\u00e0 in curva, la geometria prevede un movimento centrale basso e un avantreno reattivo per poter imboccare le curve pi\u00f9 velocemente, su qualsiasi terreno.<\/p>\n<p>Per potersi sbarazzare del fango abbiamo lasciato 8mm di &#8220;luce&#8221; su tutti i lati di uno pneumatico da 33mm. E&#8217; bello avere una bici leggera, ma se viene appesantita con 5kg di fango, abbiamo perso lo scopo.<\/p>\n<p>La <strong>Bici Ciclocross Specialized CruX 2021 <\/strong>\u00e8 disponibile nelle seguenti misure:<\/p>\n<p>49, 52, 54, 56, 58, 61<\/p>\n<div>Milkywayshop.it \u00e8 lo store online dello storico negozio fisico di Sassuolo (MO)\u00a0<a href=\"https:\/\/www.nuovacorti.it\/home\/\">Nuova Corti Shop S.R.L<\/a><\/div>\n<div>Ci troviamo in Viale Palestro 19, Sassuolo provincia di Modena.<\/div>\n<div><strong>Per qualsiasi informazione non esitare a\u00a0<a href=\"https:\/\/milkywayshop.it\/contatti\/\">contattarci!<\/a><\/strong><\/div>\n<div>Grazie e Buon Acquisto.<\/div>\n","protected":false},"excerpt":{"rendered":"<p>Durante la progettazione della nuova bici per il ciclocross, non volevamo semplicemente fare un&#8217;altra bici adventure con lo spazio per gli pneumatici maggiorato, doveva essere pi\u00f9 veloce, leggera ed agile. Certo, con numerosi titoli Mondiali di Ciclocross la CruX si \u00e8 guadagnata la sua fama, ma possiamo affermare con orgoglio che ora parliamo di livelli ancora pi\u00f9 elevati.<\/p>\n","protected":false},"featured_media":56716,"comment_status":"open","ping_status":"closed","template":"","meta":[],"product_cat":[764,736],"product_tag":[],"_links":{"self":[{"href":"https:\/\/www.nuovacorti.it\/home\/wp-json\/wp\/v2\/product\/56689"}],"collection":[{"href":"https:\/\/www.nuovacorti.it\/home\/wp-json\/wp\/v2\/product"}],"about":[{"href":"https:\/\/www.nuovacorti.it\/home\/wp-json\/wp\/v2\/types\/product"}],"replies":[{"embeddable":true,"href":"https:\/\/www.nuovacorti.it\/home\/wp-json\/wp\/v2\/comments?post=56689"}],"wp:featuredmedia":[{"embeddable":true,"href":"https:\/\/www.nuovacorti.it\/home\/wp-json\/wp\/v2\/media\/56716"}],"wp:attachment":[{"href":"https:\/\/www.nuovacorti.it\/home\/wp-json\/wp\/v2\/media?parent=56689"}],"wp:term":[{"taxonomy":"product_cat","embeddable":true,"href":"https:\/\/www.nuovacorti.it\/home\/wp-json\/wp\/v2\/product_cat?post=56689"},{"taxonomy":"product_tag","embeddable":true,"href":"https:\/\/www.nuovacorti.it\/home\/wp-json\/wp\/v2\/product_tag?post=56689"}],"curies":[{"name":"wp","href":"https:\/\/api.w.org\/{rel}","templated":true}]}}