{"id":56731,"date":"2021-09-29T10:14:38","date_gmt":"2021-09-29T08:14:38","guid":{"rendered":"https:\/\/www.nuovacorti.it\/home\/?post_type=product&#038;p=56731"},"modified":"2021-09-29T10:14:59","modified_gmt":"2021-09-29T08:14:59","slug":"bici-mtb-elettrica-specialized-turbo-levo-comp-m5-2021-nera","status":"publish","type":"product","link":"https:\/\/www.nuovacorti.it\/home\/prodotto\/bici-mtb-elettrica-specialized-turbo-levo-comp-m5-2021-nera\/","title":{"rendered":"Bici MTB Elettrica Specialized Turbo Levo Comp M5 2021 NERA"},"content":{"rendered":"<p><strong>Bici MTB Elettrica Specialized Turbo Levo Comp M5 2021 NERA<\/strong><\/p>\n<h6><strong>DISCESE A ROTTA DI COLLO. SALITE RIPIDE? SI POSSONO FARE!<\/strong><\/h6>\n<p>La Turbo Levo \u00e8 una vera trailbike progressiva. Abbiamo allungato il reach e mantenuto il carro corto, l&#8217;angolo sterzo aperto e baricentro basso. Perfetta l&#8217;efficienza in salita.<\/p>\n<h6><strong>MAGGIORE POTENZA. PIU&#8217; AUTONOMIA.<\/strong><\/h6>\n<p>Il motore Specialized 2.1 amplifica l&#8217;input sui pedali fino al 410%, una potenza strabiliante. La batteria ti fornisce ampia autonomia. Inoltre, la Mission Control App pu\u00f2 gestire la batteria automaticamente, per far s\u00ec che duri finch\u00e9 ti serve. Pi\u00f9 potenza, pi\u00f9 chilometri per ogni uscita, pi\u00f9 divertimento.<\/p>\n<ul>\n<li>Telaio in lega M5 con Sidearm per un&#8217;ottima qualit\u00e0 di guida e massimo controllo.<\/li>\n<li>Motore potente e fluido.<\/li>\n<li>Forcella Fox Float 36 Rhythm con 160mm di escursione.<\/li>\n<\/ul>\n<p>Il telaio della Turbo Levo Comp dal design asimmetrico \u00e8 completamente in lega M5. La geometria Trail rende questa Levo capace e allo stesso tempo confortevole, grazie anche al movimento centrale basso, l&#8217;orizzontale lungo, il carro posteriore corto ed una cinematica disegnata per rendere le sospensioni pi\u00f9 fluidi sui piccoli urti, ma anche in grado di prendere grossi ostacoli.<\/p>\n<p>Il motore dedicato Specialized 2.1 \u00e8 super efficiente, piccolo e leggero. Attacco istantaneo, ottima gestione del calore, silente e fluido anche a massima potenza.<\/p>\n<p>Il Turbo Connect Unit (\u201cTCU\u201d) non \u00e8 semplicemente il tasto di accensione o spegnimento. E&#8217; il &#8220;cervello&#8221; della Turbo Levo. Mostra il livello della batteria e dell&#8217;assistenza. Comunica attraverso ANT+\/Bluetooth\u00ae con il display (optional) sul manubrio per darti ancora pi\u00f9 informazioni in merito alla tua uscita.<\/p>\n<p>Potente batteria 700Wh integrata nel telaio e facilmente removibile.<\/p>\n<p>La <strong>Bici MTB Elettrica Specialized Turbo Levo Comp M5 2021 NERA\u00a0<\/strong>\u00e8 disponibile nelle seguenti taglie:<\/p>\n<p>S, M, L, XL<\/p>\n<div>Milkywayshop.it \u00e8 lo store online dello storico negozio fisico di Sassuolo (MO)\u00a0<a href=\"https:\/\/www.nuovacorti.it\/home\/\">Nuovo Corti Shop S.R.L<\/a><\/div>\n<div>Ci troviamo in Viale Palestro 19, Sassuolo provincia di Modena.<\/div>\n<div><strong>Per qualsiasi informazione non esitare a\u00a0<a href=\"https:\/\/milkywayshop.it\/contatti\/\">contattarci!<\/a><\/strong><\/div>\n<div>Grazie e Buon Acquisto.<\/div>\n<p>&nbsp;<\/p>\n","protected":false},"excerpt":{"rendered":"<p>La Turbo Levo Comp \u00e8 innanzitutto una trailbike. Il suo design prende spunto, per quanto riguarda la geometria e la cinematica, da bici come la Stumpjumper per poi aggiungere la migliore tecnologia per motore e batteria.<\/p>\n","protected":false},"featured_media":56752,"comment_status":"open","ping_status":"closed","template":"","meta":[],"product_cat":[765,766],"product_tag":[],"_links":{"self":[{"href":"https:\/\/www.nuovacorti.it\/home\/wp-json\/wp\/v2\/product\/56731"}],"collection":[{"href":"https:\/\/www.nuovacorti.it\/home\/wp-json\/wp\/v2\/product"}],"about":[{"href":"https:\/\/www.nuovacorti.it\/home\/wp-json\/wp\/v2\/types\/product"}],"replies":[{"embeddable":true,"href":"https:\/\/www.nuovacorti.it\/home\/wp-json\/wp\/v2\/comments?post=56731"}],"wp:featuredmedia":[{"embeddable":true,"href":"https:\/\/www.nuovacorti.it\/home\/wp-json\/wp\/v2\/media\/56752"}],"wp:attachment":[{"href":"https:\/\/www.nuovacorti.it\/home\/wp-json\/wp\/v2\/media?parent=56731"}],"wp:term":[{"taxonomy":"product_cat","embeddable":true,"href":"https:\/\/www.nuovacorti.it\/home\/wp-json\/wp\/v2\/product_cat?post=56731"},{"taxonomy":"product_tag","embeddable":true,"href":"https:\/\/www.nuovacorti.it\/home\/wp-json\/wp\/v2\/product_tag?post=56731"}],"curies":[{"name":"wp","href":"https:\/\/api.w.org\/{rel}","templated":true}]}}