{"id":56774,"date":"2021-09-29T10:15:06","date_gmt":"2021-09-29T08:15:06","guid":{"rendered":"https:\/\/www.nuovacorti.it\/home\/?post_type=product&#038;p=56774"},"modified":"2021-09-29T10:15:20","modified_gmt":"2021-09-29T08:15:20","slug":"bici-mtb-elettrica-specialized-turbo-levo-comp-ht-m5-2021","status":"publish","type":"product","link":"https:\/\/www.nuovacorti.it\/home\/prodotto\/bici-mtb-elettrica-specialized-turbo-levo-comp-ht-m5-2021\/","title":{"rendered":"Bici MTB Elettrica Specialized Turbo Levo Comp HT M5 2021"},"content":{"rendered":"<p><strong>Bici MTB Elettrica Specialized Turbo Levo Comp HT M5 2021<\/strong><\/p>\n<p>Se dobbiamo riassumere in tre parole la Turbo Levo Hardtail Comp sarebbero: efficienza, potenza e divertimento. Le caratteristiche tipiche delle 29er, con geometria Trail moderna e la tecnologia Turbo per aiutarti nelle sezioni pi\u00f9 impegnative.<\/p>\n<h5>POTENZA FLUIDA E NATURALE<\/h5>\n<p>Il motore Specialized 1.3 della Turbo Levo Hardtail Comp fornisce assistenza fluida e silenziosa per aggiungere potenza ai tuoi pedali e rendere le salite meno pesanti. Inoltre, puoi regolare il livello di assistenza per gestire l&#8217;autonomia e fare il massimo di chilometri da ogni carica. L&#8217;instant pedal engagement del motore garantisce l&#8217;assistenza quando ti serve.<\/p>\n<h6>CARATTERISTICHE:<\/h6>\n<p>Telaio leggero, resistente e agile in alluminio M5 Premium aluminum.<\/p>\n<p>Assistenza fluida e naturale, grazie al motore e software dedicati.<\/p>\n<p>Forcella RockShox Recon RL 29er, freni a disco idraulici Shimano e trasmissione Deore.<\/p>\n<p>Il telaio della Turbo Levo Hardtail \u00e8 stato realizzato in lega M5. La sua geometria moderna favorisce la maneggevolezza, l&#8217;efficienza e la velocit\u00e0. Il montaggio della batteria rende semplice rimuoverla, il montaggio forgiato del motore al movimento centrale \u00e8 esteticamente bello e garantisce la giusta distribuzione del peso.<\/p>\n<p>Attraverso la Mission Control App, la batteria M1 500Wh comunica con il Trail Display e col il modulo ANT+\/Bluetooth.<\/p>\n<p>Questo motore 1.2E reagisce la&#8217;input sui pedali per erogare la giusta quantit\u00e0 di potenza. La trasmissione a cinghia del motore inoltre riduce le vibrazioni per una guida fluida e silenziosa.<\/p>\n<p>Assistenza fornita fino ai 25 km\/h.<\/p>\n<p>La <strong>Bici MTB Elettrica Specialized Turbo Levo Comp HT M5 2021<\/strong>\u00a0\u00e8 disponibile nelle seguenti misure:<\/p>\n<p>S, M, L, XL<\/p>\n<div>Milkywayshop.it \u00e8 lo store online dello storico negozio fisico di Sassuolo (MO)\u00a0<a href=\"https:\/\/www.nuovacorti.it\/home\/\">Nuovo Corti Shop S.R.L<\/a><\/div>\n<div>Ci troviamo in Viale Palestro 19, Sassuolo provincia di Modena.<\/div>\n<div><strong>Per qualsiasi informazione non esitare a\u00a0<a href=\"https:\/\/milkywayshop.it\/contatti\/\">contattarci!<\/a><\/strong><\/div>\n<div>Grazie Ti auguriamo un Buon Acquisto.<\/div>\n","protected":false},"excerpt":{"rendered":"<p>La Turbo Levo Hardtail 29 ha tutte le caratteristiche che contraddistinguono le nostre trailbikes come foderi bassi cortissimi per la massima maneggevolezza e un movimento centrale basso per far s\u00ec che la bici sembri &#8216;incollata&#8217; al terreno. In altre parole, si pedala come una mountainbike muscolare &#8211; proprio come dev&#8217;essere.<\/p>\n","protected":false},"featured_media":56788,"comment_status":"open","ping_status":"closed","template":"","meta":[],"product_cat":[765,766],"product_tag":[],"_links":{"self":[{"href":"https:\/\/www.nuovacorti.it\/home\/wp-json\/wp\/v2\/product\/56774"}],"collection":[{"href":"https:\/\/www.nuovacorti.it\/home\/wp-json\/wp\/v2\/product"}],"about":[{"href":"https:\/\/www.nuovacorti.it\/home\/wp-json\/wp\/v2\/types\/product"}],"replies":[{"embeddable":true,"href":"https:\/\/www.nuovacorti.it\/home\/wp-json\/wp\/v2\/comments?post=56774"}],"wp:featuredmedia":[{"embeddable":true,"href":"https:\/\/www.nuovacorti.it\/home\/wp-json\/wp\/v2\/media\/56788"}],"wp:attachment":[{"href":"https:\/\/www.nuovacorti.it\/home\/wp-json\/wp\/v2\/media?parent=56774"}],"wp:term":[{"taxonomy":"product_cat","embeddable":true,"href":"https:\/\/www.nuovacorti.it\/home\/wp-json\/wp\/v2\/product_cat?post=56774"},{"taxonomy":"product_tag","embeddable":true,"href":"https:\/\/www.nuovacorti.it\/home\/wp-json\/wp\/v2\/product_tag?post=56774"}],"curies":[{"name":"wp","href":"https:\/\/api.w.org\/{rel}","templated":true}]}}