{"id":56867,"date":"2021-09-29T10:16:05","date_gmt":"2021-09-29T08:16:05","guid":{"rendered":"https:\/\/www.nuovacorti.it\/home\/?post_type=product&#038;p=56867"},"modified":"2021-09-29T10:16:22","modified_gmt":"2021-09-29T08:16:22","slug":"bici-corsa-elettrica-specialized-s-works-turbo-creo-sl-2021","status":"publish","type":"product","link":"https:\/\/www.nuovacorti.it\/home\/prodotto\/bici-corsa-elettrica-specialized-s-works-turbo-creo-sl-2021\/","title":{"rendered":"Bici Corsa Elettrica Specialized S-Works Turbo Creo SL 2021"},"content":{"rendered":"<p><strong>Bici Corsa Elettrica Specialized S-Works Turbo Creo SL<\/strong> <strong>2021<\/strong><\/p>\n<h4><strong>SL Super Leggera<\/strong><\/h4>\n<p>La Creo SL \u00e8 la e-Road Bike pi\u00f9 light infatti \u00e8 molto pi\u00f9 leggera di altre bici nella sua categoria. Il leggerissimo telaio in fibra di carbonio FACT 11r ti far\u00e0 danzare sui pedali e tuffarti ad aggredire le curve.<\/p>\n<p>Il leggero motore SL 1.1 raddoppier\u00e0 i tuoi sforzi grazie ai 240 watt di assistenza. La curva di erogazione del motore fornisce potenza perfettamente in linea con la tua normale cadenza e non da resistenza se pedali senza assistenza.<\/p>\n<p>Ansia da batteria? Non con la Creo SL. Con fino a 120 km di autonomia fornita dalla batteria interna, la Creo SL &#8216;si divora&#8217; le lunghe giornate in sella. Il range extender \u00e8 un optional che ti da ulteriori 50 km di potenza extra.<\/p>\n<p>Attraverso l&#8217; app Mission Control puoi tarare il motore SL 1.1 sul tuo stile di guida, puoi registrare le tue uscite e monitorare la batteria. L&#8217; App pu\u00f2 anche gestire la batteria automaticamente, in modo da farla durare fino al termine della tua pedalata. Il motore ha un power meter che trasmette dati a qualsiasi dispositivo ANT+. Non vuoi connetterti? Nessun problema\u2014 il Turbo Connect Unit (TCU) sul tubo orizzontale ti fornisce il controllo che ti serve.<\/p>\n<p>La cartuccia Future Shock 2.0 riduce l&#8217;affaticamento facendoti andare pi\u00f9 veloce sul sfondo stradale dissestato. Il registro sull&#8217;attacco manubrio ti permette di attivarla o bloccarla, lo Smooth Boot migliora l&#8217;estetica per una fluida transizione dal tubo sterzo all&#8217;attacco manubrio.<\/p>\n<p>La <strong>Bici Corsa Elettrica Specialized S-Works Turbo Creo SL<\/strong> <strong>2021 <\/strong>\u00e8 disponibile nelle seguenti taglie:<\/p>\n<p>S, M, L, XL<\/p>\n<div>Milkywayshop.it \u00e8 lo store online dello storico negozio fisico di Sassuolo (MO)\u00a0<a href=\"https:\/\/www.nuovacorti.it\/home\/\">Nuovo Corti Shop S.R.L<\/a><\/div>\n<div>Ci troviamo in Viale Palestro 19, Sassuolo provincia di Modena.<\/div>\n<div><strong>Per qualsiasi informazione non esitare a\u00a0<a href=\"http:\/\/lucam17.sg-host.com\/elements\/pages\/contact\/\">contattarci!<\/a><\/strong><\/div>\n<div>Grazie e Buon Acquisto.<\/div>\n","protected":false},"excerpt":{"rendered":"<p>La S-Works Turbo Creo SL monta la migliore componentistica. Un telaio in fibra di carbonio FACT 11r e cartuccia idraulica Future Shock 2.0. Cambio SRAM Red AXS eTap a singola corona e deragliatore SRAM XX1 Eagle, cassetta 10-50t, freni a disco idraulici e ruote Roval Disc in carbonio con pneumatici S-Works Turbo 30mm. Infine, ma non meno importante, l&#8217;S-Works Creo viene fornita completa di range extender.<\/p>\n","protected":false},"featured_media":56893,"comment_status":"open","ping_status":"closed","template":"","meta":[],"product_cat":[771],"product_tag":[],"_links":{"self":[{"href":"https:\/\/www.nuovacorti.it\/home\/wp-json\/wp\/v2\/product\/56867"}],"collection":[{"href":"https:\/\/www.nuovacorti.it\/home\/wp-json\/wp\/v2\/product"}],"about":[{"href":"https:\/\/www.nuovacorti.it\/home\/wp-json\/wp\/v2\/types\/product"}],"replies":[{"embeddable":true,"href":"https:\/\/www.nuovacorti.it\/home\/wp-json\/wp\/v2\/comments?post=56867"}],"wp:featuredmedia":[{"embeddable":true,"href":"https:\/\/www.nuovacorti.it\/home\/wp-json\/wp\/v2\/media\/56893"}],"wp:attachment":[{"href":"https:\/\/www.nuovacorti.it\/home\/wp-json\/wp\/v2\/media?parent=56867"}],"wp:term":[{"taxonomy":"product_cat","embeddable":true,"href":"https:\/\/www.nuovacorti.it\/home\/wp-json\/wp\/v2\/product_cat?post=56867"},{"taxonomy":"product_tag","embeddable":true,"href":"https:\/\/www.nuovacorti.it\/home\/wp-json\/wp\/v2\/product_tag?post=56867"}],"curies":[{"name":"wp","href":"https:\/\/api.w.org\/{rel}","templated":true}]}}