{"id":56943,"date":"2021-09-29T10:16:47","date_gmt":"2021-09-29T08:16:47","guid":{"rendered":"https:\/\/www.nuovacorti.it\/home\/?post_type=product&#038;p=56943"},"modified":"2021-09-29T10:16:58","modified_gmt":"2021-09-29T08:16:58","slug":"luce-bici-anteriore-specialized-stix-elite-2","status":"publish","type":"product","link":"https:\/\/www.nuovacorti.it\/home\/prodotto\/luce-bici-anteriore-specialized-stix-elite-2\/","title":{"rendered":"Luce Bici Anteriore Specialized Stix Elite 2"},"content":{"rendered":"<p><strong>Luce Bici Anteriore Specialized Stix Elite 2<\/strong><\/p>\n<p>La <strong>Luce Bici Anteriore Specialized Stix Elite 2<\/strong> ti rende visibile sia di giorno che nelle ore serali. In modalit\u00e0 fisso, alta luminosit\u00e0 di notte i suoi 100 lumens ti illumineranno il percorso. Anche durante il giorno la sicurezza \u00e8 fondamentale e la sua modalit\u00e0 Intermittenza potente rende questo fanale un must per tutti i ciclisti su strada. In base alla modalit\u00e0 scelta, la Stix Elite 2 ha un autonomia fino a 112 ore ed \u00e8 facilmente ricaricabile via USB.<\/p>\n<ul>\n<li>Luminosit\u00e0 da 12 a 200 lumen.<\/li>\n<li>Riflettore sferico e lenti di Fresnel per LED secondarie per una visione tipo grandangolo.<\/li>\n<li>Autonomia da 2,5 a 112 ore.<\/li>\n<li>Ricaricabile nella porta USB del pc portatile o del cellulare in due ore, senza la necessit\u00e0 di portare cavetti in pi\u00f9.<\/li>\n<li>Il sistema di montaggio versatile si adatta a manubri con diametro da 22.2mm fino a 35mm. (Montaggio con strap Aero acquistabile separatamente)<\/li>\n<li>Sei modalit\u00e0:\n<ul>Fisso, alta luminosit\u00e0 100 lumen\u00a0Fisso, bassa luminosit\u00e0 38 lumen\u00a0Impulso potente 97 lumen\u00a0Intermittenza potente 200 lumen\u00a0Intermittenza Disco 63 lumenIntermittenza Eco 12 lumen<\/ul>\n<\/li>\n<li>Indicatore del livello di carica della batteria rosso\/verde.<\/li>\n<li>Disponibilit\u00e0 di adattatori diversi, acquistabili separatamente.<\/li>\n<li>Eco Flash mode: 12 lumens for 112:00 hours<\/li>\n<li>Red\/Green battery charge level indicator.<\/li>\n<\/ul>\n<div>Milkywayshop.it \u00e8 lo store online dello storico negozio fisico di Sassuolo (MO)\u00a0<a href=\"https:\/\/www.nuovacorti.it\/home\/\">Nuovo Corti Shop S.R.L<\/a><\/div>\n<div>Ci troviamo in Viale Palestro 19, Sassuolo provincia di Modena.<\/div>\n<div><strong>Per qualsiasi informazione non esitare a\u00a0<a href=\"http:\/\/lucam17.sg-host.com\/elements\/pages\/contact\/\">contattarci!<\/a><\/strong><\/div>\n<div>Grazie e Buon Acquisto.<\/div>\n<p>&nbsp;<\/p>\n","protected":false},"excerpt":{"rendered":"<p>Il fanale Stix Elite 2 ti rende visibile sia di giorno che nelle ore serali. In modalit\u00e0 fisso, alta luminosit\u00e0 di notte i suoi 100 lumens ti illumineranno il percorso.<\/p>\n","protected":false},"featured_media":56973,"comment_status":"open","ping_status":"closed","template":"","meta":[],"product_cat":[550,774],"product_tag":[],"_links":{"self":[{"href":"https:\/\/www.nuovacorti.it\/home\/wp-json\/wp\/v2\/product\/56943"}],"collection":[{"href":"https:\/\/www.nuovacorti.it\/home\/wp-json\/wp\/v2\/product"}],"about":[{"href":"https:\/\/www.nuovacorti.it\/home\/wp-json\/wp\/v2\/types\/product"}],"replies":[{"embeddable":true,"href":"https:\/\/www.nuovacorti.it\/home\/wp-json\/wp\/v2\/comments?post=56943"}],"wp:featuredmedia":[{"embeddable":true,"href":"https:\/\/www.nuovacorti.it\/home\/wp-json\/wp\/v2\/media\/56973"}],"wp:attachment":[{"href":"https:\/\/www.nuovacorti.it\/home\/wp-json\/wp\/v2\/media?parent=56943"}],"wp:term":[{"taxonomy":"product_cat","embeddable":true,"href":"https:\/\/www.nuovacorti.it\/home\/wp-json\/wp\/v2\/product_cat?post=56943"},{"taxonomy":"product_tag","embeddable":true,"href":"https:\/\/www.nuovacorti.it\/home\/wp-json\/wp\/v2\/product_tag?post=56943"}],"curies":[{"name":"wp","href":"https:\/\/api.w.org\/{rel}","templated":true}]}}