{"id":56948,"date":"2021-09-29T10:16:48","date_gmt":"2021-09-29T08:16:48","guid":{"rendered":"https:\/\/www.nuovacorti.it\/home\/?post_type=product&#038;p=56948"},"modified":"2021-09-29T10:17:11","modified_gmt":"2021-09-29T08:17:11","slug":"ruote-bici-da-corsa-specialized-roval-clx-alpinist","status":"publish","type":"product","link":"https:\/\/www.nuovacorti.it\/home\/prodotto\/ruote-bici-da-corsa-specialized-roval-clx-alpinist\/","title":{"rendered":"Ruote Bici da Corsa Specialized Roval CLX Alpinist"},"content":{"rendered":"<p><strong>Ruote Bici da Corsa Specialized Roval CLX Alpinist<\/strong><\/p>\n<p>Conquistare le montagne, &#8216;appianare&#8217; le colline e sentire la vivacit\u00e0 della bici \u00e8 ora possibile con le pi\u00f9 leggere ruote con cerchi per copertoncino che abbiamo mai realizzate.<\/p>\n<p>Le\u00a0<strong>Ruote Bici da Corsa Specialized Roval CLX Alpinist <\/strong>sono disponibili con scritta bianca oppure nera.<\/p>\n<div>Milkywayshop.it \u00e8 lo store online dello storico negozio fisico di Sassuolo (MO)\u00a0<a href=\"https:\/\/www.nuovacorti.it\/home\/\">Nuovo Corti Shop S.R.L<\/a><\/div>\n<div>Ci troviamo in Viale Palestro 19, Sassuolo provincia di Modena.<\/div>\n<div><strong>Per qualsiasi informazione non esitare a\u00a0<a href=\"http:\/\/lucam17.sg-host.com\/elements\/pages\/contact\/\">contattarci!<\/a><\/strong><\/div>\n<div>Grazie e Buon Acquisto.<\/div>\n","protected":false},"excerpt":{"rendered":"<p>Conquistare le montagne, appianare le colline e sentire la vivacit\u00e0 della bici ora \u00e8 possibile grazie alle pi\u00f9 leggere ruote con cerchi per copertoncino che Specialized e Roval abbiano mai realizzato. Misura 700c.<\/p>\n","protected":false},"featured_media":56977,"comment_status":"open","ping_status":"closed","template":"","meta":[],"product_cat":[776],"product_tag":[],"_links":{"self":[{"href":"https:\/\/www.nuovacorti.it\/home\/wp-json\/wp\/v2\/product\/56948"}],"collection":[{"href":"https:\/\/www.nuovacorti.it\/home\/wp-json\/wp\/v2\/product"}],"about":[{"href":"https:\/\/www.nuovacorti.it\/home\/wp-json\/wp\/v2\/types\/product"}],"replies":[{"embeddable":true,"href":"https:\/\/www.nuovacorti.it\/home\/wp-json\/wp\/v2\/comments?post=56948"}],"wp:featuredmedia":[{"embeddable":true,"href":"https:\/\/www.nuovacorti.it\/home\/wp-json\/wp\/v2\/media\/56977"}],"wp:attachment":[{"href":"https:\/\/www.nuovacorti.it\/home\/wp-json\/wp\/v2\/media?parent=56948"}],"wp:term":[{"taxonomy":"product_cat","embeddable":true,"href":"https:\/\/www.nuovacorti.it\/home\/wp-json\/wp\/v2\/product_cat?post=56948"},{"taxonomy":"product_tag","embeddable":true,"href":"https:\/\/www.nuovacorti.it\/home\/wp-json\/wp\/v2\/product_tag?post=56948"}],"curies":[{"name":"wp","href":"https:\/\/api.w.org\/{rel}","templated":true}]}}