{"id":56952,"date":"2021-09-29T10:16:48","date_gmt":"2021-09-29T08:16:48","guid":{"rendered":"https:\/\/www.nuovacorti.it\/home\/?post_type=product&#038;p=56952"},"modified":"2021-09-29T10:17:31","modified_gmt":"2021-09-29T08:17:31","slug":"copertoni-bici-da-corsa-specialized-s-works-turbo-rapidair-2bliss-ready","status":"publish","type":"product","link":"https:\/\/www.nuovacorti.it\/home\/prodotto\/copertoni-bici-da-corsa-specialized-s-works-turbo-rapidair-2bliss-ready\/","title":{"rendered":"Copertoni Bici da corsa Specialized S-Works Turbo Rapidair 2Bliss Ready"},"content":{"rendered":"<p><strong>Copertoni Bici da corsa Specialized S-Works Turbo Rapidair 2Bliss Ready<\/strong><\/p>\n<p>Il nuovo design dei <strong>Copertoni Bici da corsa Specialized S-Works Turbo Rapidair 2Bliss Ready<\/strong> \u00e8 il risultato di anni di sviluppo nei nostri laboratori e numerose prove. La costruzione prevede una parte centrale flessibile per &#8216;spianare&#8217; le imperfezioni della strada e che ha una bassa resistenza al rotolamento. La mescola GRIPTON\u00ae \u00e8 veloce e fornisce trazione in curva. Il battistrada ampio ed i fianchi stabili favoriscono la precisione di guida e permettono di attaccare le curve in velocit\u00e0. Infine, la protezione antiforatura Blackbelt\u2122 \u00e8 resistente ai tagli e, nel caso fori lo stesso, il nostro nuovo sigillante chiude la foratura quasi istantaneamente.<\/p>\n<p>Gli pneumatici RapidAir si montano su cerchi tubeless-ready e in genere possono essere gonfiati con una semplice pompa a colonna.<\/p>\n<ul>\n<li>Carcassa 120 TPI<\/li>\n<li>Cerchietto pieghevole<\/li>\n<li>2Bliss Ready<\/li>\n<li>Mescola GRIPTON\u00ae<\/li>\n<li>Protezione antiforatura BlackBelt<\/li>\n<li>700&#215;26, PSI 85\u2013100, 265g<\/li>\n<li>700&#215;28, PSI 80\u201395, 285g<\/li>\n<\/ul>\n<p>Questo prodotto \u00e8 disponibile nelle seguenti misure:<\/p>\n<p>700&#215;26, 700&#215;28, 700&#215;30<\/p>\n<div>Milkywayshop.it \u00e8 lo store online dello storico negozio fisico di Sassuolo (MO)\u00a0<a href=\"https:\/\/www.nuovacorti.it\/home\/\">Nuovo Corti Shop S.R.L<\/a><\/div>\n<div>Ci troviamo in Viale Palestro 19, Sassuolo provincia di Modena.<\/div>\n<div><strong>Per qualsiasi informazione non esitare a\u00a0<a href=\"http:\/\/lucam17.sg-host.com\/elements\/pages\/contact\/\">contattarci!<\/a><\/strong><\/div>\n<div>Grazie e Buon Acquisto.<\/div>\n<p>&nbsp;<\/p>\n","protected":false},"excerpt":{"rendered":"<p>Una gomma all-round tra le pi\u00f9 leggere, la pi\u00f9 veloce e la pi\u00f9 resistente alle forature. Ovviamente, con la qualit\u00e0 di guida dei tubolari. Se provate questi copertoncini non vi serviranno pi\u00f9 i tubolari.<\/p>\n","protected":false},"featured_media":56982,"comment_status":"open","ping_status":"closed","template":"","meta":[],"product_cat":[778],"product_tag":[],"_links":{"self":[{"href":"https:\/\/www.nuovacorti.it\/home\/wp-json\/wp\/v2\/product\/56952"}],"collection":[{"href":"https:\/\/www.nuovacorti.it\/home\/wp-json\/wp\/v2\/product"}],"about":[{"href":"https:\/\/www.nuovacorti.it\/home\/wp-json\/wp\/v2\/types\/product"}],"replies":[{"embeddable":true,"href":"https:\/\/www.nuovacorti.it\/home\/wp-json\/wp\/v2\/comments?post=56952"}],"wp:featuredmedia":[{"embeddable":true,"href":"https:\/\/www.nuovacorti.it\/home\/wp-json\/wp\/v2\/media\/56982"}],"wp:attachment":[{"href":"https:\/\/www.nuovacorti.it\/home\/wp-json\/wp\/v2\/media?parent=56952"}],"wp:term":[{"taxonomy":"product_cat","embeddable":true,"href":"https:\/\/www.nuovacorti.it\/home\/wp-json\/wp\/v2\/product_cat?post=56952"},{"taxonomy":"product_tag","embeddable":true,"href":"https:\/\/www.nuovacorti.it\/home\/wp-json\/wp\/v2\/product_tag?post=56952"}],"curies":[{"name":"wp","href":"https:\/\/api.w.org\/{rel}","templated":true}]}}