{"id":56956,"date":"2021-09-29T10:16:49","date_gmt":"2021-09-29T08:16:49","guid":{"rendered":"https:\/\/www.nuovacorti.it\/home\/?post_type=product&#038;p=56956"},"modified":"2021-09-29T10:17:17","modified_gmt":"2021-09-29T08:17:17","slug":"ruote-bici-da-corsa-specialized-roval-cl-50-disc","status":"publish","type":"product","link":"https:\/\/www.nuovacorti.it\/home\/prodotto\/ruote-bici-da-corsa-specialized-roval-cl-50-disc\/","title":{"rendered":"Ruote Bici da Corsa Specialized Roval CL 50 Disc"},"content":{"rendered":"<p><strong>Ruote Bici da Corsa Specialized Roval CL 50 Disc<\/strong><\/p>\n<p>I cerchi specifici per dischi sono molto resistenti agli impatti, grazie al lay-up specifico delle fibre di carbonio, progettati per ottimizzare la rigidit\u00e0 e con un peso il pi\u00f9 vicino possibile alla versione non-disc. Inoltre \u00e8 eccezionale la potenza e la modulazione dei freni a disco.<\/p>\n<p>Utilizzando gli stessi cerchi della CLX 50, si pu\u00f2 approfittare di molti dei vantaggi di quella ruota. Anche se la CL 50, in termini di peso, \u00e8 simile a molte ruote nella categoria delle ruote leggere, l&#8217;aerodinamica era lo scopo principale dello sviluppo. Si sono serviti della fluidodinamica computazionale per creare il modello sul computer e creare i vari profili dei cerchi per renderli pi\u00f9 veloci e leggeri. C&#8217;\u00e8 voluto un po&#8217; di tempo, ma hanno ridotto il numero delle possibilit\u00e0 a tre &#8216;contendenti&#8217;, che sono poi stati prodotti come prototipi per essere testati in galleria del vento.<\/p>\n<p>Nel Win Tunnel Specialized ha messo alla prova tutte le ruote nonch\u00e9 quelle dei concorrenti, sempre con lo stesso pneumatico da 24c, per non influire sui test. Hanno scelto uno pneumatico dalla larghezza &#8216;moderna&#8217; perch\u00e9 permettono di adottare una pressione inferiore per maggiore comfort e ridotta resistenza al rotolamento. Se abbinati ad un cerchio dalla larghezza corretta, sono inoltre efficienti in termini di aerodinamica.<\/p>\n<p>Il risultato delle prove \u00e8 la realizzazione una coppia di ruote con profondit\u00e0 del cerchio di 50mm, peso di 1515 grammi, pronta per le gare e accessibile come prezzo.<\/p>\n<p>Le <strong>Ruote Bici da Corsa Specialized Roval CL 50 Disc\u00a0<\/strong>sono disponibili in misura 700c.<\/p>\n<div>Milkywayshop.it \u00e8 lo store online dello storico negozio fisico di Sassuolo (MO)\u00a0<a href=\"https:\/\/www.nuovacorti.it\/home\/\">Nuovo Corti Shop S.R.L<\/a><\/div>\n<div>Ci troviamo in Viale Palestro 19, Sassuolo provincia di Modena.<\/div>\n<div><strong>Per qualsiasi informazione non esitare a\u00a0<a href=\"http:\/\/lucam17.sg-host.com\/elements\/pages\/contact\/\">contattarci!<\/a><\/strong><\/div>\n<div>Grazie e Buon Acquisto.<\/div>\n","protected":false},"excerpt":{"rendered":"<p>Una coppia di ruote dall&#8217;ottimo rapporto qualit\u00e0\/prezzo composte da raggi tondi DT Swiss Competition, mozzi Aero Flange Disc con interni DT Swiss 350 e cuscinetti in acciaio.<\/p>\n","protected":false},"featured_media":56997,"comment_status":"open","ping_status":"closed","template":"","meta":[],"product_cat":[776],"product_tag":[],"_links":{"self":[{"href":"https:\/\/www.nuovacorti.it\/home\/wp-json\/wp\/v2\/product\/56956"}],"collection":[{"href":"https:\/\/www.nuovacorti.it\/home\/wp-json\/wp\/v2\/product"}],"about":[{"href":"https:\/\/www.nuovacorti.it\/home\/wp-json\/wp\/v2\/types\/product"}],"replies":[{"embeddable":true,"href":"https:\/\/www.nuovacorti.it\/home\/wp-json\/wp\/v2\/comments?post=56956"}],"wp:featuredmedia":[{"embeddable":true,"href":"https:\/\/www.nuovacorti.it\/home\/wp-json\/wp\/v2\/media\/56997"}],"wp:attachment":[{"href":"https:\/\/www.nuovacorti.it\/home\/wp-json\/wp\/v2\/media?parent=56956"}],"wp:term":[{"taxonomy":"product_cat","embeddable":true,"href":"https:\/\/www.nuovacorti.it\/home\/wp-json\/wp\/v2\/product_cat?post=56956"},{"taxonomy":"product_tag","embeddable":true,"href":"https:\/\/www.nuovacorti.it\/home\/wp-json\/wp\/v2\/product_tag?post=56956"}],"curies":[{"name":"wp","href":"https:\/\/api.w.org\/{rel}","templated":true}]}}