{"id":56963,"date":"2021-09-29T10:16:50","date_gmt":"2021-09-29T08:16:50","guid":{"rendered":"https:\/\/www.nuovacorti.it\/home\/?post_type=product&#038;p=56963"},"modified":"2021-09-29T10:17:21","modified_gmt":"2021-09-29T08:17:21","slug":"scheda-elettronica-specialized-adamo","status":"publish","type":"product","link":"https:\/\/www.nuovacorti.it\/home\/prodotto\/scheda-elettronica-specialized-adamo\/","title":{"rendered":"Scheda Elettronica Specialized Adamo"},"content":{"rendered":"<p><strong>Scheda Elettronica Specialized Adamo<\/strong><\/p>\n<p>ADAMO \u00e8 un sistema elettronico che consente di gestire, tramite un display, il motore Specialized 2.1 a partire dai modelli Levo e Kenevo del 2019 fornendo reattivit\u00e0, intelligenza e nuove possibilit\u00e0 senza la connessione dello smartphone. Questa versione di Adamo \u00e8 pensata per i modelli con TCU (dal 2019).<\/p>\n<div>Milkywayshop.it \u00e8 lo store online dello storico negozio fisico di Sassuolo (MO)\u00a0<a href=\"https:\/\/www.nuovacorti.it\/home\/\">Nuovo Corti Shop S.R.L<\/a><\/div>\n<div>Ci troviamo in Viale Palestro 19, Sassuolo provincia di Modena.<\/div>\n<div><strong>Per qualsiasi informazione non esitare a\u00a0<a href=\"http:\/\/lucam17.sg-host.com\/elements\/pages\/contact\/\">contattarci!<\/a><\/strong><\/div>\n<div>Grazie e Buon Acquisto.<\/div>\n<p>&nbsp;<\/p>\n","protected":false},"excerpt":{"rendered":"<p>ADAMO \u00e8 un sistema elettronico che consente di gestire, tramite un display, il motore Specialized 2.1 a partire dai modelli Levo e Kenevo del 2019 fornendo reattivit\u00e0, intelligenza e nuove possibilit\u00e0 senza la connessione dello smartphone. Questa versione di Adamo \u00e8 pensata per i modelli con TCU (dal 2019).<\/p>\n","protected":false},"featured_media":56998,"comment_status":"open","ping_status":"closed","template":"","meta":[],"product_cat":[777],"product_tag":[],"_links":{"self":[{"href":"https:\/\/www.nuovacorti.it\/home\/wp-json\/wp\/v2\/product\/56963"}],"collection":[{"href":"https:\/\/www.nuovacorti.it\/home\/wp-json\/wp\/v2\/product"}],"about":[{"href":"https:\/\/www.nuovacorti.it\/home\/wp-json\/wp\/v2\/types\/product"}],"replies":[{"embeddable":true,"href":"https:\/\/www.nuovacorti.it\/home\/wp-json\/wp\/v2\/comments?post=56963"}],"wp:featuredmedia":[{"embeddable":true,"href":"https:\/\/www.nuovacorti.it\/home\/wp-json\/wp\/v2\/media\/56998"}],"wp:attachment":[{"href":"https:\/\/www.nuovacorti.it\/home\/wp-json\/wp\/v2\/media?parent=56963"}],"wp:term":[{"taxonomy":"product_cat","embeddable":true,"href":"https:\/\/www.nuovacorti.it\/home\/wp-json\/wp\/v2\/product_cat?post=56963"},{"taxonomy":"product_tag","embeddable":true,"href":"https:\/\/www.nuovacorti.it\/home\/wp-json\/wp\/v2\/product_tag?post=56963"}],"curies":[{"name":"wp","href":"https:\/\/api.w.org\/{rel}","templated":true}]}}