{"id":57006,"date":"2021-09-29T10:17:33","date_gmt":"2021-09-29T08:17:33","guid":{"rendered":"https:\/\/www.nuovacorti.it\/home\/?post_type=product&#038;p=57006"},"modified":"2021-09-29T10:17:57","modified_gmt":"2021-09-29T08:17:57","slug":"bici-mtb-elettrica-specialized-s-works-turbo-levo-2022-bianca","status":"publish","type":"product","link":"https:\/\/www.nuovacorti.it\/home\/prodotto\/bici-mtb-elettrica-specialized-s-works-turbo-levo-2022-bianca\/","title":{"rendered":"Bici MTB Elettrica Specialized S-Works Turbo Levo 2022 Bianca"},"content":{"rendered":"<p><strong>Bici MTB Elettrica Specialized S-Works Turbo Levo 2022 Bianca<\/strong><\/p>\n<p>Il motore Turbo Full Power 2.2 con la TCU MasterMind amplificano la tua spinta sui pedali fino a 4 volte, in modo che tu possa andare ovunque. Anche l&#8217;autonomia \u00e8 imbattibile, fino a cinque ore sul trail. Il telaio ottimizzato della Levo vanta 150 mm di escursione posteriore con taratura custom e una geometria regolabile. Perch\u00e9 alla fine della giornata, \u00e8 la qualit\u00e0 della tua uscita che conta. Credici.<\/p>\n<p>Quando non ti accontenti di null&#8217;altro che il meglio, la S-Works Turbo Levo ti offre trasmissione SRAM Eagle AXS XX1, sospensioni FOX Factory e leggerissime ruote Roval Traverse SL.<\/p>\n<p>Il motore integrato Turbo Full Power 2.2 con batteria 700Wh e l&#8217;unit\u00e0 di controllo avanzato, la TCU MasterMind, forniscono 90 Nm di coppia e 565 watt di potenza per un&#8217;autonomia fino a cinque ore, per farti pedalare pi\u00f9 a lungo e pi\u00f9 velocemente.<\/p>\n<p>La TCU MasterMind \u00e8 un &#8216;hub&#8217; di informazioni con display personalizzabile che comprende la percentuale esatta della batteria e dispone del nuovo MicroTune sul manubrio per regolare l&#8217;assistenza con incrementi del 10%, in modo che tu possa avere esattamente la potenza che ti serve in un dato momento.<\/p>\n<p>Il design a ruote differenziate &#8211; posteriore da 27.5&#8243; e anteriore da 29&#8243; &#8211; crea una guida estremamente agile. Il manubrio generoso ti centra sulla bici per ottimizzare la trazione ed il controllo in curva. Il movimento centrale basso, l&#8217;angolo sterzo rilassato ed il ridotto offset della forcella sono garanzia di stabilit\u00e0 sui terreni tecnici.<\/p>\n<p>La Turbo Levo offre sei impostazioni della geometria, permettendoti di affinare le prestazioni in base allo stile di guida e al terreno. L&#8217;angolo sterzo pu\u00f2 essere regolata tra 63 e 65.5 gradi. L&#8217;altezza movimento centrale pu\u00f2 essere aumentato o diminuito di 7mm.<\/p>\n<p>L&#8217;escursione di 150mm della Turbo Levo assorbe sia i piccoli urti che i grandi ostacoli squadrati, e allo stesso tempo fornisce una risposta incredibile alla pedalata, in totale efficienza.<\/p>\n<p>L&#8217;S-Sizing si basa su ci\u00f2 che conta.<\/p>\n<p>La <strong>Bici MTB Elettrica Specialized S-Works Turbo Levo 2022 Bianca<\/strong> \u00e8 disponibile nelle seguenti misure:<\/p>\n<p>S2, S3, S4, S5<\/p>\n<div>Milkywayshop.it \u00e8 lo store online dello storico negozio fisico di Sassuolo (MO)\u00a0<a href=\"https:\/\/www.nuovacorti.it\/home\/\">Nuovo Corti Shop S.R.L<\/a><\/div>\n<div>Ci troviamo in Viale Palestro 19, Sassuolo provincia di Modena.<\/div>\n<div><strong>Per qualsiasi informazione non esitare a\u00a0<a href=\"https:\/\/milkywayshop.it\/contatti\/\">contattarci!<\/a><\/strong><\/div>\n<div>Grazie e Buon Acquisto.<\/div>\n<p>&nbsp;<\/p>\n","protected":false},"excerpt":{"rendered":"<p>La Turbo Levo rappresenta una combinazione ineguagliabile di qualit\u00e0 di guida, potenza pienamente sfruttabile, e autonomia eccellente. La quinta essenza di 40 anni di esperienza nella progettazione delle migliori mtb al mondo. Dalla sua introduzione, la Turbo Levo rappresenta un punto di riferimento nel mercato delle e-MTB, e la nuova versione alza ancora una volta l&#8217;asticella.<\/p>\n","protected":false},"featured_media":57034,"comment_status":"open","ping_status":"closed","template":"","meta":[],"product_cat":[765,766],"product_tag":[],"_links":{"self":[{"href":"https:\/\/www.nuovacorti.it\/home\/wp-json\/wp\/v2\/product\/57006"}],"collection":[{"href":"https:\/\/www.nuovacorti.it\/home\/wp-json\/wp\/v2\/product"}],"about":[{"href":"https:\/\/www.nuovacorti.it\/home\/wp-json\/wp\/v2\/types\/product"}],"replies":[{"embeddable":true,"href":"https:\/\/www.nuovacorti.it\/home\/wp-json\/wp\/v2\/comments?post=57006"}],"wp:featuredmedia":[{"embeddable":true,"href":"https:\/\/www.nuovacorti.it\/home\/wp-json\/wp\/v2\/media\/57034"}],"wp:attachment":[{"href":"https:\/\/www.nuovacorti.it\/home\/wp-json\/wp\/v2\/media?parent=57006"}],"wp:term":[{"taxonomy":"product_cat","embeddable":true,"href":"https:\/\/www.nuovacorti.it\/home\/wp-json\/wp\/v2\/product_cat?post=57006"},{"taxonomy":"product_tag","embeddable":true,"href":"https:\/\/www.nuovacorti.it\/home\/wp-json\/wp\/v2\/product_tag?post=57006"}],"curies":[{"name":"wp","href":"https:\/\/api.w.org\/{rel}","templated":true}]}}