{"id":57023,"date":"2021-09-29T10:17:35","date_gmt":"2021-09-29T08:17:35","guid":{"rendered":"https:\/\/www.nuovacorti.it\/home\/?post_type=product&#038;p=57023"},"modified":"2021-11-02T20:53:00","modified_gmt":"2021-11-02T19:53:00","slug":"bici-mtb-bmc-twostroke-01-one-2022","status":"publish","type":"product","link":"https:\/\/www.nuovacorti.it\/home\/prodotto\/bici-mtb-bmc-twostroke-01-one-2022\/","title":{"rendered":"Bici MTB BMC Twostroke 01 ONE 2022"},"content":{"rendered":"<p><strong>Bici MTB BMC Twostroke 01 ONE 2022<\/strong><\/p>\n<h5 class=\"product-innovation__main-title\"><strong>GEOMETRIA RADICALE<\/strong><\/h5>\n<p>Un angolo principale di 67\u02da, front-end lungo e un angolo di seduta di 75\u00b0 per attaccare terreni ripidi o sassosi con una perfetta distribuzione del peso.<\/p>\n<h5 class=\"product-innovation__main-title\"><strong>TUNED COMPLIANCE CONCEPT (TCC)<\/strong><\/h5>\n<p>Concepita per le strade pi\u00f9 difficili, ti mette in condizione di spingere in modo pi\u00f9 efficace e pi\u00f9 a lungo. Il risultato finale \u00e8 l\u2019equilibrio perfetto di comfort e prestazioni per una guida sicura e allo stesso tempo veloce.<\/p>\n<h5 class=\"product-innovation__main-title\"><strong>PASSAGGIO INTERNO DEI CAVI<\/strong><\/h5>\n<p>Passaggio interno dei cavi completamente guidato per una facile installazione e un aspetto pulito.<\/p>\n<h5 class=\"product-innovation__main-title\"><strong>PROTEZIONI INTEGRATI<\/strong><\/h5>\n<p>Coperture sui foderi, piastra integrata sul fodero catena e pellicola protettiva trasparente sul tubo obliquo assicurano resistenza e un design elegante.<\/p>\n<h5 class=\"product-innovation__main-title\"><strong>STOPPER FORCELLA INTEGRATI<\/strong><\/h5>\n<p>Protezione del telaio e una maggiore rigidit\u00e0 del telaio grazie al tubo obliquo dritto.<\/p>\n<h5 class=\"product-innovation__main-title\"><strong>LARGHEZZA DEI PNEUMATICI<\/strong><\/h5>\n<p>Completamente compatibile con la nuova generazione di pneumatici XC ad ampia sezione.<\/p>\n<h5 class=\"product-innovation__main-title\"><strong>LARGHEZZA DEI PNEUMATICI<\/strong><\/h5>\n<p>Completamente compatibile con la nuova generazione di pneumatici XC ad ampia sezione.<\/p>\n<p>La <strong>Bici MTB BMC Twostroke 01 ONE 2022\u00a0<\/strong>\u00e8 disponibile nelle seguenti misure:<\/p>\n<p>S, M, L, XL<\/p>\n<div>Milkywayshop.it \u00e8 lo store online dello storico negozio fisico di Sassuolo (MO)\u00a0<a href=\"https:\/\/www.nuovacorti.it\/home\/\">Nuova Corti Shop S.R.L<\/a><\/div>\n<div>Ci troviamo in Viale Palestro 19, Sassuolo provincia di Modena.<\/div>\n<div><strong>Per qualsiasi informazione non esitare a\u00a0<a href=\"https:\/\/milkywayshop.it\/contatti\/\">contattarci!<\/a><\/strong><\/div>\n<div>Grazie e Buon Acquisto.<\/div>\n<p>&nbsp;<\/p>\n","protected":false},"excerpt":{"rendered":"<p>Bici MTB BMC Twostroke 01 ONE 2022 con telaio in carbonio, trasmissione SRAM GX Eagle AXS e Forcella RockSHox SID Select +. Twostroke raggiunge l&#8217;equilibrio perfetto per offrire una bici leggera, rigida e resistente. Progettata per arricchire la tua esperienza, consentendo ai rider di affrontare il terreno con piena fiducia e superare ogni sfida.<\/p>\n","protected":false},"featured_media":57044,"comment_status":"open","ping_status":"closed","template":"","meta":[],"product_cat":[756,757],"product_tag":[],"_links":{"self":[{"href":"https:\/\/www.nuovacorti.it\/home\/wp-json\/wp\/v2\/product\/57023"}],"collection":[{"href":"https:\/\/www.nuovacorti.it\/home\/wp-json\/wp\/v2\/product"}],"about":[{"href":"https:\/\/www.nuovacorti.it\/home\/wp-json\/wp\/v2\/types\/product"}],"replies":[{"embeddable":true,"href":"https:\/\/www.nuovacorti.it\/home\/wp-json\/wp\/v2\/comments?post=57023"}],"wp:featuredmedia":[{"embeddable":true,"href":"https:\/\/www.nuovacorti.it\/home\/wp-json\/wp\/v2\/media\/57044"}],"wp:attachment":[{"href":"https:\/\/www.nuovacorti.it\/home\/wp-json\/wp\/v2\/media?parent=57023"}],"wp:term":[{"taxonomy":"product_cat","embeddable":true,"href":"https:\/\/www.nuovacorti.it\/home\/wp-json\/wp\/v2\/product_cat?post=57023"},{"taxonomy":"product_tag","embeddable":true,"href":"https:\/\/www.nuovacorti.it\/home\/wp-json\/wp\/v2\/product_tag?post=57023"}],"curies":[{"name":"wp","href":"https:\/\/api.w.org\/{rel}","templated":true}]}}