{"id":57213,"date":"2021-09-29T10:19:17","date_gmt":"2021-09-29T08:19:17","guid":{"rendered":"https:\/\/www.nuovacorti.it\/home\/?post_type=product&#038;p=57213"},"modified":"2021-09-29T10:19:49","modified_gmt":"2021-09-29T08:19:49","slug":"bici-da-corsa-bmc-roadmachine-six-2022","status":"publish","type":"product","link":"https:\/\/www.nuovacorti.it\/home\/prodotto\/bici-da-corsa-bmc-roadmachine-six-2022\/","title":{"rendered":"Bici da Corsa BMC Roadmachine SIX 2022"},"content":{"rendered":"<p><strong>Bici da Corsa BMC Roadmachine SIX 2022<\/strong><\/p>\n<h6 class=\"product-innovation__main-title\">TUNED COMPLIANCE CONCEPT (TCC) ENDURANCE<\/h6>\n<p>Roadmachine \u00e8 dotata di TCC Endurance, la versione pi\u00f9 spinta della tecnologia Tuned Compliance Concept: concepita per le strade pi\u00f9 difficili, ti mette in condizione di spingere in modo pi\u00f9 efficace e pi\u00f9 a lungo. Usando la tecnologia Angle Compliance, specifiche aree del telaio si muovono secondo schemi pre-definiti quando sollecitate da carichi verticali, generando precise quantit\u00e0 di movimento verticale senza compromettere la rigidit\u00e0 laterale. Il risultato finale \u00e8 l\u2019equilibrio perfetto di comfort e prestazioni per una guida sicura e allo stesso tempo veloce.<\/p>\n<h6 class=\"product-innovation__main-title\">ATTACCO PINZA FRENO FLAT MOUNT<\/h6>\n<p>Il sistema di aggancio della pinza freno della Roadmachine si basa su di un supporto integrato nella forcella sia come tecnica che come design, capace di alloggiare dischi da 140\/160 mm.<\/p>\n<h6 class=\"product-innovation__main-title\">REGGISELLA D-SHAPE<\/h6>\n<p>Il canotto reggisella D-Shape \u00e8 tenuto in posizione da un morsetto reggisella integrato, leggero e funzionale.<\/p>\n<p>La <strong>Bici da Corsa BMC Roadmachine SIX 2022<\/strong><strong>\u00a0<\/strong>\u00e8 disponibile nelle seguenti misure:<\/p>\n<p>47, 51, 54, 56, 58, 61<\/p>\n<div>Milkywayshop.it \u00e8 lo store online dello storico negozio fisico di Sassuolo (MO)\u00a0<a href=\"https:\/\/www.nuovacorti.it\/home\/\">Nuova Corti Shop S.R.L<\/a><\/div>\n<div>Ci troviamo in Viale Palestro 19, Sassuolo provincia di Modena.<\/div>\n<div><strong>Per qualsiasi informazione non esitare a\u00a0<a href=\"https:\/\/milkywayshop.it\/contatti\/\">contattarci!<\/a><\/strong><\/div>\n<div>Grazie e Buon Acquisto.<\/div>\n","protected":false},"excerpt":{"rendered":"<p>Bici da Corsa BMC Roadmachine SIX 2022 TUNED COMPLIANCE CONCEPT (TCC) ENDURANCE Roadmachine \u00e8 dotata di TCC Endurance, la versione pi\u00f9 spinta della tecnologia Tuned Compliance Concept: concepita per le strade pi\u00f9 difficili, ti mette in condizione di spingere in modo pi\u00f9 efficace e pi\u00f9&#8230;<\/p>\n","protected":false},"featured_media":57219,"comment_status":"open","ping_status":"closed","template":"","meta":[],"product_cat":[737],"product_tag":[],"_links":{"self":[{"href":"https:\/\/www.nuovacorti.it\/home\/wp-json\/wp\/v2\/product\/57213"}],"collection":[{"href":"https:\/\/www.nuovacorti.it\/home\/wp-json\/wp\/v2\/product"}],"about":[{"href":"https:\/\/www.nuovacorti.it\/home\/wp-json\/wp\/v2\/types\/product"}],"replies":[{"embeddable":true,"href":"https:\/\/www.nuovacorti.it\/home\/wp-json\/wp\/v2\/comments?post=57213"}],"wp:featuredmedia":[{"embeddable":true,"href":"https:\/\/www.nuovacorti.it\/home\/wp-json\/wp\/v2\/media\/57219"}],"wp:attachment":[{"href":"https:\/\/www.nuovacorti.it\/home\/wp-json\/wp\/v2\/media?parent=57213"}],"wp:term":[{"taxonomy":"product_cat","embeddable":true,"href":"https:\/\/www.nuovacorti.it\/home\/wp-json\/wp\/v2\/product_cat?post=57213"},{"taxonomy":"product_tag","embeddable":true,"href":"https:\/\/www.nuovacorti.it\/home\/wp-json\/wp\/v2\/product_tag?post=57213"}],"curies":[{"name":"wp","href":"https:\/\/api.w.org\/{rel}","templated":true}]}}