{"id":57316,"date":"2021-09-29T10:20:16","date_gmt":"2021-09-29T08:20:16","guid":{"rendered":"https:\/\/www.nuovacorti.it\/home\/?post_type=product&#038;p=57316"},"modified":"2021-09-29T10:21:09","modified_gmt":"2021-09-29T08:21:09","slug":"bici-mtb-elettrica-specialized-s-works-kenevo-sl-2022","status":"publish","type":"product","link":"https:\/\/www.nuovacorti.it\/home\/prodotto\/bici-mtb-elettrica-specialized-s-works-kenevo-sl-2022\/","title":{"rendered":"Bici MTB Elettrica Specialized S-Works Kenevo SL 2022"},"content":{"rendered":"<p><strong>Bici MTB Elettrica Specialized S-Works Kenevo SL 2022<\/strong><\/p>\n<p>La Turbo Kenevo SL mette una esaltante \u201cE\u201d nella nostra pluripremiata Enduro, offrendo pi\u00f9 di ci\u00f2 che desideri dal tuo trail. Pi\u00f9 potenza per salire. Maggior grip quando ne hai bisogno. Pi\u00f9 capacit\u00e0 ovunque. Molti pi\u00f9 giri. Pi\u00f9 salti. Drops. Pi\u00f9 energia.<\/p>\n<p>E lo fa con meno. E&#8217; molto pi\u00f9 leggera di tante altri E-bikes pesanti, \u00e8 iper-reattiva e molto capace sul trail.<\/p>\n<p>Non abbiamo badato a spese per il modello S-Works che monta trasmissione SRAM Eagle AXS XX1 , sospensioni Fox Factory e ruote leggere Roval Traverse SL.<\/p>\n<h5><strong>MOTORE<\/strong><\/h5>\n<p>Il motore Turbo Super Light 240-watt, la batteria da 320 Wh ed il sistema di controllo sono completamente integrati. Con l\u2019assistenza di 25 km\/h arriverai in cima alla tua discesa preferita con met\u00e0 dello sforzo e molto velocemente, con una qualit\u00e0 di guida incredibile.<\/p>\n<h5><strong>TCU<\/strong><\/h5>\n<p>La MasterMind Turbo Control Unit (TCU) \u00e8 il &#8220;cervello&#8221; della Kenevo Super Light. Il display \u00e8 personalizzabile, e visualizza la carica rimanente in percentuali. La funzione MicroTune consente la regolazione dei livelli di supporto con incrementi del 10% in modo che tu possa vere esattamente l\u2019assistenza che ti serve.<\/p>\n<h5><strong>RUOTE<\/strong><\/h5>\n<p>Le ruote da 29\u201d e un comportamento progressivo permettono un perfetto bilanciamento offrendo stabilit\u00e0, reattivit\u00e0 e divertimento alle alte velocit\u00e0. Il Reach generoso ti d\u00e0 pi\u00f9 spazio per muoverti sulla bici, ottimizzando la trazione e il controllo in curva. Il baricentro basso, l&#8217;angolo sterzo pi\u00f9 aperto e l&#8217;offset ridotto della forcella forniscono stabilit\u00e0 sui terreni tecnici.<\/p>\n<h5><strong>GEOMETRIA<\/strong><\/h5>\n<p>La Turbo Kenevo Super Light pu\u00f2 essere modificata per darti esattamente la pedalata che desideri grazie alla sua geometria personalizzabile. Sei diversi settaggi ti permettono di ottenere le caratteristiche di guida che si sposano con il tuo stile ed il terreno. L&#8217;angolo sterzo pu\u00f2 essere regolato a 62.5, 63.5 o 64.5 gradi. L&#8217;altezza del movimento centrale pu\u00f2 essere variata di 6mm.<\/p>\n<p>Con 170 mm di escursione, la Kenevo Super Light divora tutto ci\u00f2 che si trova sul percorso, dalle radici degli alberi a spigoli vivi e salti epici. Allo stesso tempo offre una perfetta risposta alla pedalata per la massima efficienza.<\/p>\n<p>L&#8217;S-Sizing della Kenevo SL si basa su ci\u00f2 che conta: l\u2019altezza e lo stile di guida del rider, non la misura del suo cavallo. Quattro taglie, tutte con lunghezze del tubo sterzo e standover simili, ti consentono di scegliere la taglia che meglio si adatta al tuo stile personale. I telai S-Sizing pi\u00f9 piccoli saranno pi\u00f9 agili, grazie al Reach e avancorsa pi\u00f9 corti, mentre quelli pi\u00f9 grandi offrono maggiore stabilit\u00e0.<\/p>\n<p>La <strong>Bici MTB Elettrica Specialized S-Works Kenevo SL 2022<\/strong>\u00a0\u00e8 disponibile nelle seguenti misure:<\/p>\n<p>S2, S3, S4, S5<\/p>\n<div>Milkywayshop.it \u00e8 lo store online dello storico negozio fisico di Sassuolo (MO)\u00a0<a href=\"https:\/\/www.nuovacorti.it\/home\/\">Nuova Corti Shop S.R.L<\/a><\/div>\n<div>Ci troviamo in Viale Palestro 19, Sassuolo provincia di Modena.<\/div>\n<div><strong>Per qualsiasi informazione non esitare a\u00a0<a href=\"https:\/\/milkywayshop.it\/contatti\/\">contattarci!<\/a><\/strong><\/div>\n<div>Grazie e Buon Acquisto.<\/div>\n<p>&nbsp;<\/p>\n<p>&nbsp;<\/p>\n","protected":false},"excerpt":{"rendered":"<p>Alza il livello del trail riding con la Kenevo Super Light e affronta i sentieri pi\u00f9 impegnativi come mai fatto prima d\u2019ora. Manovrabilit\u00e0 leggendaria e grandi capacit\u00e0 sui trail pi\u00f9 impegnativi, tipici dell&#8217;enduro, si fondono con i vantaggi del nostro sistema Turbo Super Light, e rendono la Kenevo SL indomabile, leggera e potente.<\/p>\n","protected":false},"featured_media":57331,"comment_status":"closed","ping_status":"closed","template":"","meta":[],"product_cat":[765,766],"product_tag":[],"_links":{"self":[{"href":"https:\/\/www.nuovacorti.it\/home\/wp-json\/wp\/v2\/product\/57316"}],"collection":[{"href":"https:\/\/www.nuovacorti.it\/home\/wp-json\/wp\/v2\/product"}],"about":[{"href":"https:\/\/www.nuovacorti.it\/home\/wp-json\/wp\/v2\/types\/product"}],"replies":[{"embeddable":true,"href":"https:\/\/www.nuovacorti.it\/home\/wp-json\/wp\/v2\/comments?post=57316"}],"wp:featuredmedia":[{"embeddable":true,"href":"https:\/\/www.nuovacorti.it\/home\/wp-json\/wp\/v2\/media\/57331"}],"wp:attachment":[{"href":"https:\/\/www.nuovacorti.it\/home\/wp-json\/wp\/v2\/media?parent=57316"}],"wp:term":[{"taxonomy":"product_cat","embeddable":true,"href":"https:\/\/www.nuovacorti.it\/home\/wp-json\/wp\/v2\/product_cat?post=57316"},{"taxonomy":"product_tag","embeddable":true,"href":"https:\/\/www.nuovacorti.it\/home\/wp-json\/wp\/v2\/product_tag?post=57316"}],"curies":[{"name":"wp","href":"https:\/\/api.w.org\/{rel}","templated":true}]}}