{"id":57467,"date":"2021-09-29T10:21:54","date_gmt":"2021-09-29T08:21:54","guid":{"rendered":"https:\/\/www.nuovacorti.it\/home\/?post_type=product&#038;p=57467"},"modified":"2021-09-29T10:22:46","modified_gmt":"2021-09-29T08:22:46","slug":"city-bike-elettrica-specialized-turbo-vado-4-0-st-2021","status":"publish","type":"product","link":"https:\/\/www.nuovacorti.it\/home\/prodotto\/city-bike-elettrica-specialized-turbo-vado-4-0-st-2021\/","title":{"rendered":"City Bike Elettrica Specialized Turbo Vado 4.0 ST 2021"},"content":{"rendered":"<p><strong>City Bike Elettrica Specialized Turbo Vado 4.0 ST 2021<\/strong><\/p>\n<h5>MOTORE<\/h5>\n<div>\n<p>Il motore integrato Specialized 1.2 \u00e8 perfetto per la Vado, la city bike per antonomasia. La taratura Rx Street Tune regola l&#8217;assistenza in modo adeguato per l&#8217;ambiente cittadino e reagisce alla forza che imprimi sui pedali. Pi\u00f9 spingi, pi\u00f9 potenza fornisce, per ripartire da fermo in modo veloce ed efficiente. La trasmissione a cinghia \u00e8 fluida, silenziosa e libera da fastidiose vibrazioni.<\/p>\n<p>Per la Vado 4.0 abbiamo sviluppato la batteria dedicata Specialized U1-500, perfettamente integrata nel telaio, bloccabile per la sicurezza e facilmente rimovibile per una carica pi\u00f9 semplice. Con questa batteria avrai parecchia autonomia per andare al lavoro, poi passare a fare la spesa e infine a prendere uno spritz in quel bel locale nuovo dall&#8217;altra parte della citt\u00e0.<\/p>\n<h5>TCU<\/h5>\n<p>Il Turbo Connect Display \u00e8 il metodo migliore per consultare i dati della tua uscita come velocit\u00e0, distanza, tempo, livello della batteria. L&#8217;ultima versione della nostra app Mission Control, gratuita e disponibile per iOS e Android, \u00e8 ancora pi\u00f9 intuitiva nell&#8217;uso e ti permette di monitorare la potenza, l&#8217;autonomia, di effettuare diagnosi di sistema e di registrare o caricare percorsi.<\/p>\n<p>La Turbo Vado 4.0 ha componenti scelti per prestazioni e qualit\u00e0 come la trasmissione Shimano 10 velocit\u00e0, potenti freni a disco idraulici, portapacchi e parafanghi ed \u00e8 il mezzo perfetto per la tua vita impegnata.<\/p>\n<\/div>\n<ul>\n<li>Il motore Specialized 1.2 della Vado \u00e8 integrato nel telaio ed \u00e8 tarato per un utilizzo cittadino perch\u00e9 reagisce al livello di forza impressa sui pedali. Pi\u00f9 spingi, pi\u00f9 il motore ti aiuter\u00e0. La trasmissione a cinghia rende l&#8217;assistenza alla pedalata molto fluida, silenziosa e libera da fastidiose vibrazioni.<\/li>\n<li>Il telaio in lega leggera della Vado ha la geometria Fitness. Il tubo orizzontale ribassata facilita l&#8217;operazione di salire in sella o scendere dalla bici.<\/li>\n<li>La batteria dedicata con capacit\u00e0 500 Wh si integra perfettamente nel telaio, si pu\u00f2 bloccare ed \u00e8 facilmente removibile per la ricarica. Comunica con il display e prevede varie modalit\u00e0 per ottimizzare l&#8217;efficienza e l&#8217;autonomia.<\/li>\n<\/ul>\n<p>La <strong>City Bike Elettrica Specialized Turbo Vado 4.0 ST 2021<\/strong><strong>\u00a0<\/strong>\u00e8 disponibile nelle seguenti misure:<\/p>\n<p>S, M, L, XL<\/p>\n<div>Milkywayshop.it \u00e8 lo store online dello storico negozio fisico di Sassuolo (MO)\u00a0<a href=\"https:\/\/www.nuovacorti.it\/home\/\">Nuova Corti Shop S.R.L<\/a><\/div>\n<div>Ci troviamo in Viale Palestro 19, Sassuolo provincia di Modena.<\/div>\n<div><strong>Per qualsiasi informazione non esitare a\u00a0<a href=\"https:\/\/milkywayshop.it\/contatti\/\">contattarci!<\/a><\/strong><\/div>\n<div>Grazie e Buon Acquisto.<\/div>\n","protected":false},"excerpt":{"rendered":"<p>Si sa, il mondo \u00e8 sempre pi\u00f9 frenetico, ecco perch\u00e9 consigliamo bici pi\u00f9 veloci per muoversi con scioltezza, come la Turbo Vado 4.0 Step Through che grazie alla tecnologia all&#8217;avanguardia \u00e8 una perfetta compagna per poterti aiutare con la tua agenda piena, con look ed estetica moderni. Sei sempre tu, solo pi\u00f9 veloce.<\/p>\n","protected":false},"featured_media":57478,"comment_status":"open","ping_status":"closed","template":"","meta":[],"product_cat":[765,773],"product_tag":[],"_links":{"self":[{"href":"https:\/\/www.nuovacorti.it\/home\/wp-json\/wp\/v2\/product\/57467"}],"collection":[{"href":"https:\/\/www.nuovacorti.it\/home\/wp-json\/wp\/v2\/product"}],"about":[{"href":"https:\/\/www.nuovacorti.it\/home\/wp-json\/wp\/v2\/types\/product"}],"replies":[{"embeddable":true,"href":"https:\/\/www.nuovacorti.it\/home\/wp-json\/wp\/v2\/comments?post=57467"}],"wp:featuredmedia":[{"embeddable":true,"href":"https:\/\/www.nuovacorti.it\/home\/wp-json\/wp\/v2\/media\/57478"}],"wp:attachment":[{"href":"https:\/\/www.nuovacorti.it\/home\/wp-json\/wp\/v2\/media?parent=57467"}],"wp:term":[{"taxonomy":"product_cat","embeddable":true,"href":"https:\/\/www.nuovacorti.it\/home\/wp-json\/wp\/v2\/product_cat?post=57467"},{"taxonomy":"product_tag","embeddable":true,"href":"https:\/\/www.nuovacorti.it\/home\/wp-json\/wp\/v2\/product_tag?post=57467"}],"curies":[{"name":"wp","href":"https:\/\/api.w.org\/{rel}","templated":true}]}}