{"id":57471,"date":"2021-09-29T10:21:55","date_gmt":"2021-09-29T08:21:55","guid":{"rendered":"https:\/\/www.nuovacorti.it\/home\/?post_type=product&#038;p=57471"},"modified":"2021-09-29T10:22:46","modified_gmt":"2021-09-29T08:22:46","slug":"pantaloncini-bretelle-ciclismo-assos-mille-gt-gto-c2","status":"publish","type":"product","link":"https:\/\/www.nuovacorti.it\/home\/prodotto\/pantaloncini-bretelle-ciclismo-assos-mille-gt-gto-c2\/","title":{"rendered":"Pantaloncini Bretelle Ciclismo Assos Mille GT GTO C2"},"content":{"rendered":"<p><strong>Pantaloncini Bretelle Ciclismo Assos Mille GT GTO C2<\/strong><\/p>\n<h5>CONSTRUCTION\/FIT<\/h5>\n<p>Per le bretelle e i pannelli delle gambe abbiamo utilizzato la tecnologia rollBar e il pannello a farfalla per garantire stabilit\u00e0. Ciascun pannello gamba \u00e8 arricchito dalla struttura louvreTec, con specifiche riprese sulla parte esterna delle cosce, per fornire una tenuta compressiva e personalizzata. GTO \u00e8 disponibile in due diverse lunghezze per le gambe: VERSIONE STANDARD e VERSIONE LUNGA (3 cm in pi\u00f9 rispetto alla versione standard).<\/p>\n<h5>ZERO WAIST<\/h5>\n<p>Cintura con bordo nastrato rinforzato a taglio vivo, che garantisce non ci siano sfregamenti tra tessuto e pelle. Un comfort maggiore con una pressione minore.<\/p>\n<h5>SUPER FLAT XFRAME<\/h5>\n<p>Porzione di elastico ripiegato su s\u00e9 stesso, che va a formare una struttura a X di supporto, con l\u2019obiettivo di limitare l\u2019elasticit\u00e0 verticale nella parte posteriore.<\/p>\n<h5>RIFINITURA SKIN GRIP<\/h5>\n<p>Bordo a taglio vivo con una sottilissima applicazione in silicone, che mantiene in sede i pantaloncini senza esercitare una pressione eccessiva.<\/p>\n<h5>FONDELLO MILLE GTO C2<\/h5>\n<p>Creato con la nostra comprovata tecnologia goldenGate, ovvero libero da cuciture laterali, e con le necessarie cuciture incassate per un comfort senza attrito. Per la parte frontale abbiamo utilizzato il nuovo sunDeck superleggero, erede dell&#8217;iconico kukuPenthouse: un tessuto super soffice sulla pelle, privo di schiuma, preformato a coppa per sostenere le forme anatomiche dell&#8217;uomo, garantendo la massima ventilazione. Inoltre, questo fondello \u00e8 dotato del twin21 System costituito da tre diversi strati.<\/p>\n<h5>MICRO SHOCK<\/h5>\n<p>La base del fondello \u00e8 costituita da una schiuma ultraleggera con uno spessore di 11 millimetri e una composizione altamente ammortizzante.<\/p>\n<p>I <strong>Pantaloncini Bretelle Ciclismo Assos Mille GT GTO C2<\/strong> sono disponibili nelle seguenti misure:<\/p>\n<p>S, M, L, XL<\/p>\n<p><span style=\"color: #333333;\">Milkywayshop.it \u00e8 lo store online dello storico negozio fisico di Sassuolo (MO)\u00a0<\/span><a href=\"https:\/\/www.nuovacorti.it\/home\/\">Nuovo Corti Shop S.R.L<\/a><\/p>\n<p><span style=\"color: #333333;\">Ci troviamo in Viale Palestro 19, Sassuolo provincia di Modena.<\/span><\/p>\n<p><strong style=\"color: #333333;\">Per qualsiasi informazione non esitare a\u00a0<a href=\"https:\/\/milkywayshop.it\/contatti\/\">contattarci!<\/a><\/strong><\/p>\n<p><span style=\"color: #333333;\">Grazie e Buon Acquisto.<\/span><\/p>\n","protected":false},"excerpt":{"rendered":"<p>I pantaloncini con bretelle MILLE GTO sono al vertice del comfort totale che caratterizza la linea MILLE GT: sono gli eredi spirituali dei mitici pantaloncini con bretelle CENTO e Campionissimo. Sono dotati del fondello ASSOS pi\u00f9 morbido, reattivo e traspirante, avvolto nei nostri nuovi pannelli anti-piega, senza sfregamenti. GTO \u00e8 disponibile in due diverse lunghezze per le gambe: VERSIONE STANDARD e VERSIONE LUNGA (3 cm in pi\u00f9 rispetto alla versione standard).<\/p>\n","protected":false},"featured_media":57504,"comment_status":"open","ping_status":"closed","template":"","meta":[],"product_cat":[230,791,799],"product_tag":[],"_links":{"self":[{"href":"https:\/\/www.nuovacorti.it\/home\/wp-json\/wp\/v2\/product\/57471"}],"collection":[{"href":"https:\/\/www.nuovacorti.it\/home\/wp-json\/wp\/v2\/product"}],"about":[{"href":"https:\/\/www.nuovacorti.it\/home\/wp-json\/wp\/v2\/types\/product"}],"replies":[{"embeddable":true,"href":"https:\/\/www.nuovacorti.it\/home\/wp-json\/wp\/v2\/comments?post=57471"}],"wp:featuredmedia":[{"embeddable":true,"href":"https:\/\/www.nuovacorti.it\/home\/wp-json\/wp\/v2\/media\/57504"}],"wp:attachment":[{"href":"https:\/\/www.nuovacorti.it\/home\/wp-json\/wp\/v2\/media?parent=57471"}],"wp:term":[{"taxonomy":"product_cat","embeddable":true,"href":"https:\/\/www.nuovacorti.it\/home\/wp-json\/wp\/v2\/product_cat?post=57471"},{"taxonomy":"product_tag","embeddable":true,"href":"https:\/\/www.nuovacorti.it\/home\/wp-json\/wp\/v2\/product_tag?post=57471"}],"curies":[{"name":"wp","href":"https:\/\/api.w.org\/{rel}","templated":true}]}}