{"id":57487,"date":"2021-09-29T10:22:23","date_gmt":"2021-09-29T08:22:23","guid":{"rendered":"https:\/\/www.nuovacorti.it\/home\/?post_type=product&#038;p=57487"},"modified":"2021-09-29T10:22:46","modified_gmt":"2021-09-29T08:22:46","slug":"sistema-pulegge-bici-nova-ride-sram","status":"publish","type":"product","link":"https:\/\/www.nuovacorti.it\/home\/prodotto\/sistema-pulegge-bici-nova-ride-sram\/","title":{"rendered":"Sistema Pulegge Bici Nova Ride Sram"},"content":{"rendered":"<p><strong>Sistema Pulegge Bici Nova Ride Sram<\/strong><\/p>\n<p><strong>Sistema Pulegge Bici Nova Ride Sram<\/strong> , questo prodotto \u00e8 composto da una gabbia in carbonio e 2 rulli in alluminio 7075 (14 e 17 denti) con cuscinetti sigillati completamente in ceramica.In questa versione, la gabbia Oversize \u00e8 compatibile solo con i deragliatori posteriori SRAM AXS 12S RED \/ FORCE e SRAM AXS 12S RED \/ FORCE ETAP.<\/p>\n<p>La gabbia del cambio NOVA Carbon Ceramic migliora la fluidit\u00e0 della tua trasmissione, consentendo un guadagno di potenza per soddisfare i pi\u00f9 esigenti. Progettato con materiali di altissima qualit\u00e0, il nostro massetto in fibra di carbonio \u00e8 ultraleggero.<br \/>\nDue rulli in alluminio sovradimensionati che, accoppiati a cuscinetti ceramici, riducono l&#8217;angolo di avvolgimento della catena con il minimo attrito.<\/p>\n<div>Milkywayshop.it \u00e8 lo store online dello storico negozio fisico di Sassuolo (MO)\u00a0<a href=\"https:\/\/www.nuovacorti.it\/home\/\">Nuova Corti Shop S.R.L<\/a><\/div>\n<div>Ci troviamo in Viale Palestro 19, Sassuolo provincia di Modena.<\/div>\n<div><strong>Per qualsiasi informazione non esitare a\u00a0<a href=\"https:\/\/milkywayshop.it\/contatti\/\">contattarci!<\/a><\/strong><\/div>\n<div>Grazie e Buon Acquisto.<\/div>\n","protected":false},"excerpt":{"rendered":"<p>Sistema Pulegge Bici Nova Ride Sram, questo prodotto \u00e8 composto da una gabbia in carbonio e 2 rulli in alluminio 7075 (14 e 17 denti) con cuscinetti sigillati completamente in ceramica.<\/p>\n","protected":false},"featured_media":57508,"comment_status":"open","ping_status":"closed","template":"","meta":[],"product_cat":[803,693],"product_tag":[],"_links":{"self":[{"href":"https:\/\/www.nuovacorti.it\/home\/wp-json\/wp\/v2\/product\/57487"}],"collection":[{"href":"https:\/\/www.nuovacorti.it\/home\/wp-json\/wp\/v2\/product"}],"about":[{"href":"https:\/\/www.nuovacorti.it\/home\/wp-json\/wp\/v2\/types\/product"}],"replies":[{"embeddable":true,"href":"https:\/\/www.nuovacorti.it\/home\/wp-json\/wp\/v2\/comments?post=57487"}],"wp:featuredmedia":[{"embeddable":true,"href":"https:\/\/www.nuovacorti.it\/home\/wp-json\/wp\/v2\/media\/57508"}],"wp:attachment":[{"href":"https:\/\/www.nuovacorti.it\/home\/wp-json\/wp\/v2\/media?parent=57487"}],"wp:term":[{"taxonomy":"product_cat","embeddable":true,"href":"https:\/\/www.nuovacorti.it\/home\/wp-json\/wp\/v2\/product_cat?post=57487"},{"taxonomy":"product_tag","embeddable":true,"href":"https:\/\/www.nuovacorti.it\/home\/wp-json\/wp\/v2\/product_tag?post=57487"}],"curies":[{"name":"wp","href":"https:\/\/api.w.org\/{rel}","templated":true}]}}