{"id":57490,"date":"2021-09-29T10:22:23","date_gmt":"2021-09-29T08:22:23","guid":{"rendered":"https:\/\/www.nuovacorti.it\/home\/?post_type=product&#038;p=57490"},"modified":"2025-04-14T11:20:59","modified_gmt":"2025-04-14T09:20:59","slug":"manubrio-integrato-bici-da-corsa-roval-alpinist-cockpit","status":"publish","type":"product","link":"https:\/\/www.nuovacorti.it\/home\/prodotto\/manubrio-integrato-bici-da-corsa-roval-alpinist-cockpit\/","title":{"rendered":"Manubrio Integrato Bici Da Corsa Roval Alpinist Cockpit"},"content":{"rendered":"<p><strong>Manubrio Integrato Bici Da Corsa Roval Alpinist Cockpit<\/strong><\/p>\n<p>Il caos \u00e8 nemica delle prestazioni, ecco perch\u00e9 abbiamo creato il cockpit Alpinist, attacco e manubrio in un unico pezzo, molto leggero. A soli 274 grammi (110mm x 420mm)\u00e8 pi\u00f9 leggero di un etto rispetto a prodotti simili. La leggerezza \u00e8 fondamentale per la salita, l&#8217;accelerazione e la qualit\u00e0 di guida. Il diametro tondo rispetta la tradizione, ma il lay-up del carbonio ed il passaggio interno dei cavi sono decisamente moderni. Il cockpit \u00e8 disponibile in 9 misure.<\/p>\n<ul>\n<li>Materiale composito<\/li>\n<li>Peso 274 grammi (100mm x 420mm)<\/li>\n<li>Curva tradizionale<\/li>\n<li>Diametro morsetto 31.8mm<\/li>\n<li>Compatibilit\u00e0 Shimano, SRAM, Campagnolo<\/li>\n<li>Misure: 400 mm x 80\/90\/100mm; 420mm x 100, 110, 120mm; 440mm x 110, 120, 130mm<\/li>\n<li>Drop 125mm \/ Reach 75mm<\/li>\n<li>Inclinazione attacco manubrio -6\u00b0<\/li>\n<li>Il montaggio per computer raffigurato non \u00e8 compreso nel kit.<\/li>\n<\/ul>\n<div>Milkywayshop.it \u00e8 lo store online dello storico negozio fisico di Sassuolo (MO)\u00a0<a href=\"https:\/\/www.nuovacorti.it\/home\/\">Nuova Corti Shop S.R.L<\/a><\/div>\n<div>Ci troviamo in Viale Palestro 19, Sassuolo provincia di Modena.<\/div>\n<div><strong>Per qualsiasi informazione non esitare a\u00a0<a href=\"https:\/\/milkywayshop.it\/contatti\/\">contattarci!<\/a><\/strong><\/div>\n<div>Grazie e Buon Acquisto.<\/div>\n","protected":false},"excerpt":{"rendered":"<p>Il caos \u00e8 nemica delle prestazioni, ecco perch\u00e9 abbiamo creato il cockpit Alpinist, attacco e manubrio in un unico pezzo, molto leggero. A soli 274 grammi (110mm x 420mm)\u00e8 pi\u00f9 leggero di un etto rispetto a prodotti simili. La leggerezza \u00e8 fondamentale per la salita, l&#8217;accelerazione e la qualit\u00e0 di guida. Il diametro tondo rispetta la tradizione, ma il lay-up del carbonio ed il passaggio interno dei cavi sono decisamente moderni. Il cockpit \u00e8 disponibile in 9 misure.<\/p>\n","protected":false},"featured_media":57510,"comment_status":"open","ping_status":"closed","template":"","meta":[],"product_cat":[804,693],"product_tag":[],"_links":{"self":[{"href":"https:\/\/www.nuovacorti.it\/home\/wp-json\/wp\/v2\/product\/57490"}],"collection":[{"href":"https:\/\/www.nuovacorti.it\/home\/wp-json\/wp\/v2\/product"}],"about":[{"href":"https:\/\/www.nuovacorti.it\/home\/wp-json\/wp\/v2\/types\/product"}],"replies":[{"embeddable":true,"href":"https:\/\/www.nuovacorti.it\/home\/wp-json\/wp\/v2\/comments?post=57490"}],"wp:featuredmedia":[{"embeddable":true,"href":"https:\/\/www.nuovacorti.it\/home\/wp-json\/wp\/v2\/media\/57510"}],"wp:attachment":[{"href":"https:\/\/www.nuovacorti.it\/home\/wp-json\/wp\/v2\/media?parent=57490"}],"wp:term":[{"taxonomy":"product_cat","embeddable":true,"href":"https:\/\/www.nuovacorti.it\/home\/wp-json\/wp\/v2\/product_cat?post=57490"},{"taxonomy":"product_tag","embeddable":true,"href":"https:\/\/www.nuovacorti.it\/home\/wp-json\/wp\/v2\/product_tag?post=57490"}],"curies":[{"name":"wp","href":"https:\/\/api.w.org\/{rel}","templated":true}]}}