{"id":57499,"date":"2021-09-29T10:22:25","date_gmt":"2021-09-29T08:22:25","guid":{"rendered":"https:\/\/www.nuovacorti.it\/home\/?post_type=product&#038;p=57499"},"modified":"2021-09-29T10:23:12","modified_gmt":"2021-09-29T08:23:12","slug":"manubrio-bici-da-corsa-specialized-s-works-aerofly-ii","status":"publish","type":"product","link":"https:\/\/www.nuovacorti.it\/home\/prodotto\/manubrio-bici-da-corsa-specialized-s-works-aerofly-ii\/","title":{"rendered":"Manubrio Bici Da Corsa Specialized S-Works Aerofly II"},"content":{"rendered":"<p><strong>Manubrio Bici Da Corsa Specialized S-Works Aerofly II<\/strong><\/p>\n<p>L&#8217;S-Works Aerofly II, versione ancora migliorata rispetto al manubrio originale, \u00e8 stato sviluppato nella galleria del vento, fa risparmiare 20 secondi su una distanza di 40 km, rispetto alla convenzionale curva da strada. La superficie trattata fornisce un ottimo grip per le mani, ed il profilo ha un gradino per pareggiare il nastro con la parte alta del manubrio per il comfort e per un&#8217;estetica migliorata. Grazie al feedback dei team professionistici la tubazione aerodinamica \u00e8 stata leggermente avanzata per maggiore spazio per le braccia e le ginocchia. Infine, l&#8217;Aerofly II \u00e8 ancora pi\u00f9 leggero; aerodinamica senza compromessi.<\/p>\n<ul>\n<li>Sviluppato in galleria del vento per farti risparmiare 20 secondi su una distanza di 40 km rispetto alla convenzionale curva da strada.<\/li>\n<li>Costruzione in fibra di carbonio FACT per il manubrio aerodinamico pi\u00f9 leggero della categoria, con un peso di soli 235 grammi (misura 42 cm).<\/li>\n<li>Caratteristiche innovative come la superficie trattata per il grip e il &#8216;gradino&#8217; per pareggiare il nastro completano l&#8217;esperienza.<\/li>\n<li>Ottimizzato per il passaggio interno di cavi freno e trasmissione, compatibile con gruppi di tipo elettronico.<\/li>\n<li>Misure 40\/42\/44cm centro-centro.<\/li>\n<li>130mm drop x 80mm reach<\/li>\n<\/ul>\n<p>Il <strong>Manubrio Bici Da Corsa Specialized S-Works Aerofly II<\/strong><strong>\u00a0<\/strong>\u00e8 disponibile nelle seguenti misure:<\/p>\n<p>38, 40cm, 42cm, 44cm<\/p>\n<div>Milkywayshop.it \u00e8 lo store online dello storico negozio fisico di Sassuolo (MO)\u00a0<a href=\"https:\/\/www.nuovacorti.it\/home\/\">Nuova Corti Shop S.R.L<\/a><\/div>\n<div>Ci troviamo in Viale Palestro 19, Sassuolo provincia di Modena.<\/div>\n<div><strong>Per qualsiasi informazione non esitare a\u00a0<a href=\"https:\/\/milkywayshop.it\/contatti\/\">contattarci!<\/a><\/strong><\/div>\n<div>Grazie e Buon Acquisto.<\/div>\n","protected":false},"excerpt":{"rendered":"<p>L&#8217;S-Works Aerofly II, versione ancora migliorata rispetto al manubrio originale, \u00e8 stato sviluppato nella galleria del vento, fa risparmiare 20 secondi su una distanza di 40 km, rispetto alla convenzionale curva da strada. La superficie trattata fornisce un ottimo grip per le mani, ed il profilo ha un gradino per pareggiare il nastro con la parte alta del manubrio per il comfort e per un&#8217;estetica migliorata. Grazie al feedback dei team professionistici la tubazione aerodinamica \u00e8 stata leggermente avanzata per maggiore spazio per le braccia e le ginocchia. Infine, l&#8217;Aerofly II \u00e8 ancora pi\u00f9 leggero; aerodinamica senza compromessi.<\/p>\n","protected":false},"featured_media":57511,"comment_status":"closed","ping_status":"closed","template":"","meta":[],"product_cat":[804,693],"product_tag":[],"_links":{"self":[{"href":"https:\/\/www.nuovacorti.it\/home\/wp-json\/wp\/v2\/product\/57499"}],"collection":[{"href":"https:\/\/www.nuovacorti.it\/home\/wp-json\/wp\/v2\/product"}],"about":[{"href":"https:\/\/www.nuovacorti.it\/home\/wp-json\/wp\/v2\/types\/product"}],"replies":[{"embeddable":true,"href":"https:\/\/www.nuovacorti.it\/home\/wp-json\/wp\/v2\/comments?post=57499"}],"wp:featuredmedia":[{"embeddable":true,"href":"https:\/\/www.nuovacorti.it\/home\/wp-json\/wp\/v2\/media\/57511"}],"wp:attachment":[{"href":"https:\/\/www.nuovacorti.it\/home\/wp-json\/wp\/v2\/media?parent=57499"}],"wp:term":[{"taxonomy":"product_cat","embeddable":true,"href":"https:\/\/www.nuovacorti.it\/home\/wp-json\/wp\/v2\/product_cat?post=57499"},{"taxonomy":"product_tag","embeddable":true,"href":"https:\/\/www.nuovacorti.it\/home\/wp-json\/wp\/v2\/product_tag?post=57499"}],"curies":[{"name":"wp","href":"https:\/\/api.w.org\/{rel}","templated":true}]}}