{"id":57502,"date":"2021-09-29T10:22:25","date_gmt":"2021-09-29T08:22:25","guid":{"rendered":"https:\/\/www.nuovacorti.it\/home\/?post_type=product&#038;p=57502"},"modified":"2021-09-29T10:23:12","modified_gmt":"2021-09-29T08:23:12","slug":"manubrio-bici-da-corsa-specialized-s-works-hover","status":"publish","type":"product","link":"https:\/\/www.nuovacorti.it\/home\/prodotto\/manubrio-bici-da-corsa-specialized-s-works-hover\/","title":{"rendered":"Manubrio Bici Da Corsa Specialized S-Works Hover"},"content":{"rendered":"<p><strong>Manubrio Bici Da Corsa Specialized S-Works Hover<\/strong><\/p>\n<p>In termini di comfort e prestazioni, ogni punto di contatto tra la bici ed il ciclista \u00e8 estremamente importante. Il manubrio S-Works Hover Carbon \u00e8 stato realizzato in fibra di carbonio FACT per la massima leggerezza assorbimento vibrazioni e rigidit\u00e0.<\/p>\n<p>Per il comfort \u00e8 importante la posizione in sella, favorita dal drop ridotto. Il rialzo verso l&#8217;alto di 15mm \u00e8 indicato per poter accomodare un ampio range di posizioni.<\/p>\n<ul>\n<li>Costruzione leggera e rigida in fibra di carbonio FACT<\/li>\n<li>Rialzo di 15mm<\/li>\n<li>Drop: 123mm Drop x 75mm Reach<\/li>\n<\/ul>\n<p>Il <strong>Manubrio Bici Da Corsa Specialized S-Works Hover<\/strong> \u00e8 disponibile nelle seguenti misure:<\/p>\n<p>40cm, 42cm, 44cm<\/p>\n<div>Milkywayshop.it \u00e8 lo store online dello storico negozio fisico di Sassuolo (MO)\u00a0<a href=\"https:\/\/www.nuovacorti.it\/home\/\">Nuova Corti Shop S.R.L<\/a><\/div>\n<div>Ci troviamo in Viale Palestro 19, Sassuolo provincia di Modena.<\/div>\n<div><strong>Per qualsiasi informazione non esitare a\u00a0<a href=\"https:\/\/milkywayshop.it\/contatti\/\">contattarci!<\/a><\/strong><\/div>\n<div>Grazie e Buon Acquisto.<\/div>\n","protected":false},"excerpt":{"rendered":"<p>In termini di comfort e prestazioni, ogni punto di contatto tra la bici ed il ciclista \u00e8 estremamente importante. Il manubrio S-Works Hover Carbon \u00e8 stato realizzato in fibra di carbonio FACT per la massima leggerezza assorbimento vibrazioni e rigidit\u00e0.<\/p>\n","protected":false},"featured_media":57540,"comment_status":"closed","ping_status":"closed","template":"","meta":[],"product_cat":[804,693],"product_tag":[],"_links":{"self":[{"href":"https:\/\/www.nuovacorti.it\/home\/wp-json\/wp\/v2\/product\/57502"}],"collection":[{"href":"https:\/\/www.nuovacorti.it\/home\/wp-json\/wp\/v2\/product"}],"about":[{"href":"https:\/\/www.nuovacorti.it\/home\/wp-json\/wp\/v2\/types\/product"}],"replies":[{"embeddable":true,"href":"https:\/\/www.nuovacorti.it\/home\/wp-json\/wp\/v2\/comments?post=57502"}],"wp:featuredmedia":[{"embeddable":true,"href":"https:\/\/www.nuovacorti.it\/home\/wp-json\/wp\/v2\/media\/57540"}],"wp:attachment":[{"href":"https:\/\/www.nuovacorti.it\/home\/wp-json\/wp\/v2\/media?parent=57502"}],"wp:term":[{"taxonomy":"product_cat","embeddable":true,"href":"https:\/\/www.nuovacorti.it\/home\/wp-json\/wp\/v2\/product_cat?post=57502"},{"taxonomy":"product_tag","embeddable":true,"href":"https:\/\/www.nuovacorti.it\/home\/wp-json\/wp\/v2\/product_tag?post=57502"}],"curies":[{"name":"wp","href":"https:\/\/api.w.org\/{rel}","templated":true}]}}