{"id":57525,"date":"2021-09-29T10:22:49","date_gmt":"2021-09-29T08:22:49","guid":{"rendered":"https:\/\/www.nuovacorti.it\/home\/?post_type=product&#038;p=57525"},"modified":"2021-09-29T10:23:12","modified_gmt":"2021-09-29T08:23:12","slug":"manubrio-bici-da-corsa-specialized-hover-expert","status":"publish","type":"product","link":"https:\/\/www.nuovacorti.it\/home\/prodotto\/manubrio-bici-da-corsa-specialized-hover-expert\/","title":{"rendered":"Manubrio Bici Da Corsa Specialized Hover Expert"},"content":{"rendered":"<p><strong>Manubrio Bici Da Corsa Specialized Hover Expert<\/strong><\/p>\n<p>In termini di comfort e prestazioni, ogni punto di contatto tra la bici ed il ciclista \u00e8 estremamente importante. Il manubrio Hover Expert \u00e8 stato realizzato in alluminio Premium a spessori differenziati, per il giusto mix di leggerezza e rigidit\u00e0.<\/p>\n<ul>\n<li>Alluminio 2014 Premium a spessori differenziati<\/li>\n<li>Inclinazione 15mm<\/li>\n<li>Shallow Bend Drop: 123mm Drop x 75mm Reach<\/li>\n<\/ul>\n<p>Il <strong>Manubrio Bici Da Corsa Specialized Hover Expert\u00a0<\/strong>\u00e8 disponibile nelle seguenti misure:<\/p>\n<p>40cm, 42cm, 44cm<\/p>\n<div>Milkywayshop.it \u00e8 lo store online dello storico negozio fisico di Sassuolo (MO)\u00a0<a href=\"https:\/\/www.nuovacorti.it\/home\/\">Nuova Corti Shop S.R.L<\/a><\/div>\n<div>Ci troviamo in Viale Palestro 19, Sassuolo provincia di Modena.<\/div>\n<div><strong>Per qualsiasi informazione non esitare a\u00a0<a href=\"https:\/\/milkywayshop.it\/contatti\/\">contattarci!<\/a><\/strong><\/div>\n<div>Grazie e Buon Acquisto.<\/div>\n","protected":false},"excerpt":{"rendered":"<p>In termini di comfort e prestazioni, ogni punto di contatto tra la bici ed il ciclista \u00e8 estremamente importante. Il manubrio Hover Expert \u00e8 stato realizzato in alluminio Premium a spessori differenziati, per il giusto mix di leggerezza e rigidit\u00e0.<\/p>\n","protected":false},"featured_media":57541,"comment_status":"closed","ping_status":"closed","template":"","meta":[],"product_cat":[804,693],"product_tag":[],"_links":{"self":[{"href":"https:\/\/www.nuovacorti.it\/home\/wp-json\/wp\/v2\/product\/57525"}],"collection":[{"href":"https:\/\/www.nuovacorti.it\/home\/wp-json\/wp\/v2\/product"}],"about":[{"href":"https:\/\/www.nuovacorti.it\/home\/wp-json\/wp\/v2\/types\/product"}],"replies":[{"embeddable":true,"href":"https:\/\/www.nuovacorti.it\/home\/wp-json\/wp\/v2\/comments?post=57525"}],"wp:featuredmedia":[{"embeddable":true,"href":"https:\/\/www.nuovacorti.it\/home\/wp-json\/wp\/v2\/media\/57541"}],"wp:attachment":[{"href":"https:\/\/www.nuovacorti.it\/home\/wp-json\/wp\/v2\/media?parent=57525"}],"wp:term":[{"taxonomy":"product_cat","embeddable":true,"href":"https:\/\/www.nuovacorti.it\/home\/wp-json\/wp\/v2\/product_cat?post=57525"},{"taxonomy":"product_tag","embeddable":true,"href":"https:\/\/www.nuovacorti.it\/home\/wp-json\/wp\/v2\/product_tag?post=57525"}],"curies":[{"name":"wp","href":"https:\/\/api.w.org\/{rel}","templated":true}]}}