{"id":57592,"date":"2021-09-29T10:23:33","date_gmt":"2021-09-29T08:23:33","guid":{"rendered":"https:\/\/www.nuovacorti.it\/home\/?post_type=product&#038;p=57592"},"modified":"2021-09-29T10:23:42","modified_gmt":"2021-09-29T08:23:42","slug":"ruote-bici-da-corsa-specialized-roval-clx-32-disc-650b","status":"publish","type":"product","link":"https:\/\/www.nuovacorti.it\/home\/prodotto\/ruote-bici-da-corsa-specialized-roval-clx-32-disc-650b\/","title":{"rendered":"Ruote Bici da Corsa Specialized Roval CLX 32 Disc 650B"},"content":{"rendered":"<p><strong>Ruote Bici d Corsa Specialized Roval CLX 32 Disc 650B<\/strong><\/p>\n<p>Le CLX 32 per freni tradizionali sono le ruote pi\u00f9 leggere ed aerodinamiche della propria categoria ma non finisce qui. Sono anche molto resistenti, 2Bliss Ready dall&#8217;ampio profilo e pronte per qualsiasi avventura. Ecco perch\u00e9 abbiamo sviluppato anche le CLX 32 Disc, per creare delle ruote che potessero andare bene per gli pneumatici a volume d&#8217;aria maggiore, adatti anche al gravel. E&#8217; vero che molti scelgono di utilizzare ruote da mountainbike per andare sulle strade bianche ma ci sono molto vantaggi nella scelta delle CLX 32 650b Disc.<\/p>\n<p>Prima di tutto, mentre la maggior parte delle ruote mtb ha mozzi convertibili su vari standard, non ce ne sono molte che possono essere convertite per un asse passante standard strada 12mm. In secondo luogo, le ruote mountainbike spesso sono per trasmissione SRAM XD, Shimano 11v mtb o 10v, rendendole inadatte agli attuali pacchi pignoni strada 11 velocit\u00e0. Infine, la maggior parte delle ruote mtb ha mozzi per freni a disco standard con sei viti e non Center Lock che troviamo spesso sulle bici da strada.<\/p>\n<p>La larghezza interna di 21mm sulle CLX 32 650b Disc \u00e8 simile a molte ruote mountain di tipo XC, perfetta quindi per pneumatici 650+ per strada e gravel. Con pneumatici 42-47mm in combinazione con 650+, l&#8217;interazione tra cerchio e gomma \u00e8 importante quanto la qualit\u00e0 della stessa gomma &#8211; se il cerchio \u00e8 troppo stretto risulta un profilo troppo arrotondato, se invece \u00e8 troppo largo, il battistrada risulta &#8216;squadrato&#8217;. In entrambi i casi viene negativamente modificata la maneggevolezza.<\/p>\n<p>Le ruote CLX 32 650b Disc prevedono cuscinetti Ceramic Speed e vengono fornite con borsa imbottita, quick-release e valvole tubeless.<\/p>\n<ul>\n<li>Cerchio per pneumatici tradizionali, tubeless-ready<\/li>\n<li>Materiale del cerchio: fibra di carbonio.<\/li>\n<li>Solo per freni a disco.<\/li>\n<li>Profondit\u00e0 cerchio: 32mm<\/li>\n<li>Larghezza interna cerchio: 20.7mm<\/li>\n<li>Raggiatura prima\/seconda (2:1)<\/li>\n<li>Numero raggi: 24<\/li>\n<li>Raggi DT Swiss Aerocomp (L)\/Aerolite \u00ae<\/li>\n<li>Nippli esagonali DT Swiss Pro Lock<\/li>\n<li>Mozzo posteriore: Roval AFD2 11v, Center Lock, cuscinetti Ceramic Speed, meccanismo DT Swiss 240.<\/li>\n<li>Assemblate a mano.<\/li>\n<li>Fornite complete di borsa imbottita, quick-release Roval, valvole tubeless Roval, nottolini per asse passante 142x12mm e QR.<\/li>\n<li>Peso indicativo della coppia 1290 grammi.<\/li>\n<\/ul>\n<p>Le <strong>Ruote Bici d Corsa Specialized Roval CLX 32 Disc 650B<\/strong><strong>\u00a0<\/strong>sono disponibili nelle seguenti misure:<\/p>\n<p>650B<\/p>\n<div>Milkywayshop.it \u00e8 lo store online dello storico negozio fisico di Sassuolo (MO)\u00a0<a href=\"https:\/\/www.nuovacorti.it\/home\/\">Nuova Corti Shop S.R.L<\/a><\/div>\n<div>Ci troviamo in Viale Palestro 19, Sassuolo provincia di Modena.<\/div>\n<div><strong>Per qualsiasi informazione non esitare a\u00a0<a href=\"https:\/\/milkywayshop.it\/contatti\/\">contattarci!<\/a><\/strong><\/div>\n<div>Grazie e Buon Acquisto.<\/div>\n","protected":false},"excerpt":{"rendered":"<p>Le CLX 32 per freni tradizionali sono le ruote pi\u00f9 leggere ed aerodinamiche della propria categoria ma non finisce qui. Sono anche molto resistenti, 2Bliss Ready dall&#8217;ampio profilo e pronte per qualsiasi avventura. Ecco perch\u00e9 abbiamo sviluppato anche le CLX 32 Disc, per creare delle ruote che potessero andare bene per gli pneumatici a volume d&#8217;aria maggiore, adatti anche al gravel. E&#8217; vero che molti scelgono di utilizzare ruote da mountainbike per andare sulle strade bianche ma ci sono molto vantaggi nella scelta delle CLX 32 650b Disc.<\/p>\n","protected":false},"featured_media":57613,"comment_status":"closed","ping_status":"closed","template":"","meta":[],"product_cat":[776,693],"product_tag":[],"_links":{"self":[{"href":"https:\/\/www.nuovacorti.it\/home\/wp-json\/wp\/v2\/product\/57592"}],"collection":[{"href":"https:\/\/www.nuovacorti.it\/home\/wp-json\/wp\/v2\/product"}],"about":[{"href":"https:\/\/www.nuovacorti.it\/home\/wp-json\/wp\/v2\/types\/product"}],"replies":[{"embeddable":true,"href":"https:\/\/www.nuovacorti.it\/home\/wp-json\/wp\/v2\/comments?post=57592"}],"wp:featuredmedia":[{"embeddable":true,"href":"https:\/\/www.nuovacorti.it\/home\/wp-json\/wp\/v2\/media\/57613"}],"wp:attachment":[{"href":"https:\/\/www.nuovacorti.it\/home\/wp-json\/wp\/v2\/media?parent=57592"}],"wp:term":[{"taxonomy":"product_cat","embeddable":true,"href":"https:\/\/www.nuovacorti.it\/home\/wp-json\/wp\/v2\/product_cat?post=57592"},{"taxonomy":"product_tag","embeddable":true,"href":"https:\/\/www.nuovacorti.it\/home\/wp-json\/wp\/v2\/product_tag?post=57592"}],"curies":[{"name":"wp","href":"https:\/\/api.w.org\/{rel}","templated":true}]}}