{"id":57635,"date":"2021-09-29T10:24:01","date_gmt":"2021-09-29T08:24:01","guid":{"rendered":"https:\/\/www.nuovacorti.it\/home\/?post_type=product&#038;p=57635"},"modified":"2021-09-29T10:24:49","modified_gmt":"2021-09-29T08:24:49","slug":"bici-mtb-front-santa-cruz-highball-cc-x01-2021","status":"publish","type":"product","link":"https:\/\/www.nuovacorti.it\/home\/prodotto\/bici-mtb-front-santa-cruz-highball-cc-x01-2021\/","title":{"rendered":"Bici MTB Front Santa Cruz Highball CC X01 2021"},"content":{"rendered":"<p><strong>Bici MTB Front Santa Cruz Highball CC X01 2021<\/strong><\/p>\n<p>La <strong>Bici MTB Front Santa Cruz Highball CC X01 2021<\/strong><strong>\u00a0<\/strong>\u00e8 disponibile nelle seguenti misure:<\/p>\n<p>M, L, XL<\/p>\n<div>Milkywayshop.it \u00e8 lo store online dello storico negozio fisico di Sassuolo (MO)\u00a0<a href=\"https:\/\/www.nuovacorti.it\/home\/\">Nuova Corti Shop S.R.L<\/a><\/div>\n<div>Ci troviamo in Viale Palestro 19, Sassuolo provincia di Modena.<\/div>\n<div><strong>Per qualsiasi informazione non esitare a\u00a0<a href=\"https:\/\/milkywayshop.it\/contatti\/\">contattarci!<\/a><\/strong><\/div>\n<div>Grazie e Buon Acquisto.<\/div>\n","protected":false},"excerpt":{"rendered":"<p>La Bici MTB Front Santa Cruz Highball CC X01 2021 \u00e8 la tua compagna ideale per qualsiasi tipo di percorso, dal pi\u00f9 semplice al pi\u00f9 tecnico, sapr\u00e0 sorprenderti in tutti i suoi aspetti.<\/p>\n","protected":false},"featured_media":57678,"comment_status":"open","ping_status":"closed","template":"","meta":[],"product_cat":[756,757],"product_tag":[],"_links":{"self":[{"href":"https:\/\/www.nuovacorti.it\/home\/wp-json\/wp\/v2\/product\/57635"}],"collection":[{"href":"https:\/\/www.nuovacorti.it\/home\/wp-json\/wp\/v2\/product"}],"about":[{"href":"https:\/\/www.nuovacorti.it\/home\/wp-json\/wp\/v2\/types\/product"}],"replies":[{"embeddable":true,"href":"https:\/\/www.nuovacorti.it\/home\/wp-json\/wp\/v2\/comments?post=57635"}],"wp:featuredmedia":[{"embeddable":true,"href":"https:\/\/www.nuovacorti.it\/home\/wp-json\/wp\/v2\/media\/57678"}],"wp:attachment":[{"href":"https:\/\/www.nuovacorti.it\/home\/wp-json\/wp\/v2\/media?parent=57635"}],"wp:term":[{"taxonomy":"product_cat","embeddable":true,"href":"https:\/\/www.nuovacorti.it\/home\/wp-json\/wp\/v2\/product_cat?post=57635"},{"taxonomy":"product_tag","embeddable":true,"href":"https:\/\/www.nuovacorti.it\/home\/wp-json\/wp\/v2\/product_tag?post=57635"}],"curies":[{"name":"wp","href":"https:\/\/api.w.org\/{rel}","templated":true}]}}