{"id":57666,"date":"2021-09-29T10:24:27","date_gmt":"2021-09-29T08:24:27","guid":{"rendered":"https:\/\/www.nuovacorti.it\/home\/?post_type=product&#038;p=57666"},"modified":"2025-01-06T15:11:12","modified_gmt":"2025-01-06T14:11:12","slug":"copertoni-bici-da-corsa-specialized-turbo-cotton","status":"publish","type":"product","link":"https:\/\/www.nuovacorti.it\/home\/prodotto\/copertoni-bici-da-corsa-specialized-turbo-cotton\/","title":{"rendered":"Copertoni Bici Da Corsa Specialized Turbo Cotton"},"content":{"rendered":"<p>Non esitiamo a dirvi che la nostra mescola GRIPTON \u00e8 la migliore sulla piazza. E se combinata ad una carcassa 320TPI in cotone, ottieni uno pneumatico molto particolare, il Turbo Cotton. Materiale di prima qualit\u00e0 per uno degli pneumatici pi\u00f9 veloci al mondo.<\/p>\n<ul>\n<li>Carcassa 320 TPI Polycotton<\/li>\n<li>Cerchietto pieghevole.<\/li>\n<li>Mescola : GRIPTON<\/li>\n<li>Protezione antiforatura BlackBelt<\/li>\n<li>700 x 24mm; PSI 115-125; peso indicativo 220g<\/li>\n<li>700 x 28mm; PSI 85-95; peso indicativo 260g<\/li>\n<\/ul>\n<p>Questo prodotto \u00e8 disponibile nelle seguenti misure:<\/p>\n<p>700\u00d726, 700\u00d728, 700\u00d724<\/p>\n<div>Milkywayshop.it \u00e8 lo store online dello storico negozio fisico di Sassuolo (MO)\u00a0<a href=\"https:\/\/www.nuovacorti.it\/home\/\">Nuova <\/a><a href=\"https:\/\/www.nuovacorti.it\/home\/\">Corti Shop S.R.L<\/a><\/div>\n<div>Ci troviamo in Viale Palestro 19, Sassuolo provincia di Modena.<\/div>\n<div><strong>Per qualsiasi informazione non esitare a\u00a0<a href=\"http:\/\/lucam17.sg-host.com\/elements\/pages\/contact\/\">contattarci!<\/a><\/strong><\/div>\n<div>Grazie e Buon Acquisto.<\/div>\n","protected":false},"excerpt":{"rendered":"<p>Non esitiamo a dirvi che la nostra mescola GRIPTON \u00e8 la migliore sulla piazza. E se combinata ad una carcassa 320TPI in cotone, ottieni uno pneumatico molto particolare, il Turbo Cotton. Materiale di prima qualit\u00e0 per uno degli pneumatici pi\u00f9 veloci al mondo.<\/p>\n","protected":false},"featured_media":57682,"comment_status":"open","ping_status":"closed","template":"","meta":[],"product_cat":[778,693],"product_tag":[],"_links":{"self":[{"href":"https:\/\/www.nuovacorti.it\/home\/wp-json\/wp\/v2\/product\/57666"}],"collection":[{"href":"https:\/\/www.nuovacorti.it\/home\/wp-json\/wp\/v2\/product"}],"about":[{"href":"https:\/\/www.nuovacorti.it\/home\/wp-json\/wp\/v2\/types\/product"}],"replies":[{"embeddable":true,"href":"https:\/\/www.nuovacorti.it\/home\/wp-json\/wp\/v2\/comments?post=57666"}],"wp:featuredmedia":[{"embeddable":true,"href":"https:\/\/www.nuovacorti.it\/home\/wp-json\/wp\/v2\/media\/57682"}],"wp:attachment":[{"href":"https:\/\/www.nuovacorti.it\/home\/wp-json\/wp\/v2\/media?parent=57666"}],"wp:term":[{"taxonomy":"product_cat","embeddable":true,"href":"https:\/\/www.nuovacorti.it\/home\/wp-json\/wp\/v2\/product_cat?post=57666"},{"taxonomy":"product_tag","embeddable":true,"href":"https:\/\/www.nuovacorti.it\/home\/wp-json\/wp\/v2\/product_tag?post=57666"}],"curies":[{"name":"wp","href":"https:\/\/api.w.org\/{rel}","templated":true}]}}