{"id":57705,"date":"2021-09-29T10:24:54","date_gmt":"2021-09-29T08:24:54","guid":{"rendered":"https:\/\/www.nuovacorti.it\/home\/?post_type=product&#038;p=57705"},"modified":"2021-09-29T10:25:25","modified_gmt":"2021-09-29T08:25:25","slug":"bici-da-corsa-specialized-tarmac-sl7-comp-2022","status":"publish","type":"product","link":"https:\/\/www.nuovacorti.it\/home\/prodotto\/bici-da-corsa-specialized-tarmac-sl7-comp-2022\/","title":{"rendered":"Bici Da Corsa Specialized Tarmac SL7 Comp 2022"},"content":{"rendered":"<p><strong>Bici Da Corsa Specialized Tarmac SL7 Comp 2022<\/strong><\/p>\n<div>\n<p>La nuova Tarmac Comp ha un telaio SL7, e monta il nuovo gruppo SRAM Rival eTap AXS a 12 velocit\u00e0 &#8211; una bici all-round leggera con un cambio wireless ad un prezzo ragionevole.<\/p>\n<\/div>\n<p>Nel percorso per creare la nuova Tarmac, cos\u00ec come per tutte le nostri bici per l&#8217;agonismo su strada, il peso era un altro fattore discriminante. Precedentemente le bici aerodinamiche pagavano dazio sotto l&#8217;aspetto del peso &#8211; pi\u00f9 riducevi la resistenza all&#8217;aria, pi\u00f9 aumentavi il peso. Con la Tarmac, la nostra filosofia nel design era di mantenerlo, di serie, al limite del regolamento UCI o appena sotto. Con la FreeFoil Shape Library, strumenti come l&#8217;analisi FEA e qualche &#8216;trucchetto&#8217; di ingegneria di alto livello, siamo riusciti nell&#8217;intento.<\/p>\n<p>Sempre con l&#8217;obiettivo di sviluppare la migliore bici per l&#8217;agonismo su strada, abbiamo utilizzato la nostra tecnologia Rider-First Engineered\u2122, per garantire che la nuova Tarmac fosse bilanciata e maneggevole in ogni misura di telaio. Grazie al feedback ricevuto da nostri atleti delle tre squadre professionistiche Boels-Dolmans, Deceuninck-Quick-Step, e Bora-hansgrohe e basato sui loro migliaia di chilometri su strada , abbiamo apportato dei cambiamenti sulla Tarmac. Un bilanciamento nuovo per la qualit\u00e0 di guida tra l&#8217;avantreno ed il carro posteriore, in modo che persino le lunghissime giornate in sella siano pi\u00f9 confortevoli, senza compromettere la leggendaria maneggevolezza e reattivit\u00e0 della Tarmac.<\/p>\n<p>L&#8217;esperienza nel creare la Venge ci ha inoltre aiutato nella creazione di un &#8216;cockpit&#8217; pulito e veloce. Il passaggio cavi \u00e8 stato migliorato per qualsiasi configurazione &#8211; cambio meccanico, attacco tradizionale, manubrio dal profilo tondo, ecc. &#8211; mantenendo allo stesso tempo l&#8217;aerodinamicit\u00e0. Le stesse caratteristiche che rendono la nuova Tarmac di facile utilizzo e pratica nei viaggi.<\/p>\n<p>La <strong>Bici Da Corsa Specialized Tarmac SL7 Comp 2022<\/strong>\u00a0\u00e8 disponibile nelle seguenti misure:<\/p>\n<p>49, 52, 54, 56, 58, 61<\/p>\n<div>Milkywayshop.it \u00e8 lo store online dello storico negozio fisico di Sassuolo (MO)\u00a0<a href=\"https:\/\/www.nuovacorti.it\/home\/\">Nuova Corti Shop S.R.L<\/a><\/div>\n<div>Ci troviamo in Viale Palestro 19, Sassuolo provincia di Modena.<\/div>\n<div><strong>Per qualsiasi informazione non esitare a\u00a0<a href=\"https:\/\/milkywayshop.it\/contatti\/\">contattarci!<\/a><\/strong><\/div>\n<div>Grazie e Buon Acquisto.<\/div>\n","protected":false},"excerpt":{"rendered":"<p>La nuova Tarmac \u00e8 stata creata per essere veloce, senza &#8216;se&#8217; e senza &#8216;ma&#8217;, ed \u00e8 qualcosa in pi\u00f9 di un capolavoro di aerodinamica. Il leggerissimo telaio Rider-First Engineered\u2122 fornisce un&#8217;eccellente qualit\u00e0 di guida per tutte le misure di telaio. Questa Tarmac ti aiuter\u00e0 a conquistare i tuoi nuovi record personali, KOM e a salire sul podio. La bici pi\u00f9 veloce su qualsiasi strada.<\/p>\n","protected":false},"featured_media":57711,"comment_status":"open","ping_status":"closed","template":"","meta":[],"product_cat":[737,693],"product_tag":[],"_links":{"self":[{"href":"https:\/\/www.nuovacorti.it\/home\/wp-json\/wp\/v2\/product\/57705"}],"collection":[{"href":"https:\/\/www.nuovacorti.it\/home\/wp-json\/wp\/v2\/product"}],"about":[{"href":"https:\/\/www.nuovacorti.it\/home\/wp-json\/wp\/v2\/types\/product"}],"replies":[{"embeddable":true,"href":"https:\/\/www.nuovacorti.it\/home\/wp-json\/wp\/v2\/comments?post=57705"}],"wp:featuredmedia":[{"embeddable":true,"href":"https:\/\/www.nuovacorti.it\/home\/wp-json\/wp\/v2\/media\/57711"}],"wp:attachment":[{"href":"https:\/\/www.nuovacorti.it\/home\/wp-json\/wp\/v2\/media?parent=57705"}],"wp:term":[{"taxonomy":"product_cat","embeddable":true,"href":"https:\/\/www.nuovacorti.it\/home\/wp-json\/wp\/v2\/product_cat?post=57705"},{"taxonomy":"product_tag","embeddable":true,"href":"https:\/\/www.nuovacorti.it\/home\/wp-json\/wp\/v2\/product_tag?post=57705"}],"curies":[{"name":"wp","href":"https:\/\/api.w.org\/{rel}","templated":true}]}}