{"id":57724,"date":"2021-09-29T10:25:10","date_gmt":"2021-09-29T08:25:10","guid":{"rendered":"https:\/\/www.nuovacorti.it\/home\/?post_type=product&#038;p=57724"},"modified":"2021-09-29T10:25:25","modified_gmt":"2021-09-29T08:25:25","slug":"bici-da-corsa-tarmac-sl6-sport-2022","status":"publish","type":"product","link":"https:\/\/www.nuovacorti.it\/home\/prodotto\/bici-da-corsa-tarmac-sl6-sport-2022\/","title":{"rendered":"Bici Da Corsa Tarmac SL6 Sport 2022"},"content":{"rendered":"<p><strong>Bici Da Corsa Tarmac SL6 Sport 2022<\/strong><\/p>\n<p>Per la costruzione del nuovo telaio in fibra di carbonio FACT 8r ci siamo serviti di software utilizzato nell&#8217;industria aerospaziale per ottimizzare i materiali compositi.<\/p>\n<p>Cinquecento pezzi di carbonio che compongono sette misure diverse di telaio con la stessa qualit\u00e0 di guida &#8211; ecco cos&#8217;\u00e8 Rider-First Engineered\u2122. Ogni telaio ha il proprio lay up schedule tarato per specifici target di prestazioni, grazie all&#8217;orientamento delle fibre, la quantit\u00e0 di materiale in zone specifiche e qualit\u00e0 di carbonio dedicati.<\/p>\n<p>L&#8217;aerodinamica \u00e8 un fattore essenziale se vogliamo farti andare pi\u00f9 veloce. Il nostro obiettivo \u00e8 stato quindi cercare vantaggi in questo senso, senza compromettere la leggerezza della Tarmac. Durante il periodo di sviluppo abbiamo scoperto dove potevamo ottenere dei risultati\u2014un nuovo profilo per la forcella e foderi verticali ribassati con profilo aerodinamico. Il risultato \u00e8 una bici che \u00e8 circa 30 secondi pi\u00f9 veloce su una distanza di 40km rispetto ad altre bici della stessa categoria.<\/p>\n<p>La geometria Performance Road si basa sulla raccolta dati Ret\u00fcl e sugli input ricevuti da parte di atleti professionisti e perfeziona la combinazione di un avantreno reattivo con un interasse corto, ottenendo risposte istantanee ed un trasferimento di potenza ottimale.<\/p>\n<p>La <strong>Bici Da Corsa Tarmac SL6 Sport 2022<\/strong>\u00a0\u00e8 disponibile nelle seguenti misure:<\/p>\n<p>49, 52, 54, 56, 58, 61<\/p>\n<div>Milkywayshop.it \u00e8 lo store online dello storico negozio fisico di Sassuolo (MO)\u00a0<a href=\"https:\/\/www.nuovacorti.it\/home\/\">Nuova Corti Shop S.R.L<\/a><\/div>\n<div>Ci troviamo in Viale Palestro 19, Sassuolo provincia di Modena.<\/div>\n<div><strong>Per qualsiasi informazione non esitare a\u00a0<a href=\"https:\/\/milkywayshop.it\/contatti\/\">contattarci!<\/a><\/strong><\/div>\n<div>Grazie e Buon Acquisto.<\/div>\n","protected":false},"excerpt":{"rendered":"<p>Quando abbiamo sviluppato la Tarmac Disc, non ci bastava che fosse veloce. Volevamo che lo fosse ovunque. Nelle lunghe salite, in pianura controvento, nelle gare a tappe o nelle granfondo. Una bici da corsa completa. Ci siamo arrivati partendo dal nostro telaio Rider-First Engineered\u2122, rigido nei punti giusti e con la stessa qualit\u00e0 di guida su tutte le taglie. Grazie alla nostra tecnologia sull&#8217; aerodinamica, questa Tarmac \u00e8 pi\u00f9 veloce di 30 secondi su una distanza di 40km, rispetto alla versione SL5. Inoltre, \u00e8 pi\u00f9 leggera del 20%. Nulla \u00e8 altrettanto leggero, veloce e maneggevole.<\/p>\n","protected":false},"featured_media":57743,"comment_status":"open","ping_status":"closed","template":"","meta":[],"product_cat":[737,693],"product_tag":[],"_links":{"self":[{"href":"https:\/\/www.nuovacorti.it\/home\/wp-json\/wp\/v2\/product\/57724"}],"collection":[{"href":"https:\/\/www.nuovacorti.it\/home\/wp-json\/wp\/v2\/product"}],"about":[{"href":"https:\/\/www.nuovacorti.it\/home\/wp-json\/wp\/v2\/types\/product"}],"replies":[{"embeddable":true,"href":"https:\/\/www.nuovacorti.it\/home\/wp-json\/wp\/v2\/comments?post=57724"}],"wp:featuredmedia":[{"embeddable":true,"href":"https:\/\/www.nuovacorti.it\/home\/wp-json\/wp\/v2\/media\/57743"}],"wp:attachment":[{"href":"https:\/\/www.nuovacorti.it\/home\/wp-json\/wp\/v2\/media?parent=57724"}],"wp:term":[{"taxonomy":"product_cat","embeddable":true,"href":"https:\/\/www.nuovacorti.it\/home\/wp-json\/wp\/v2\/product_cat?post=57724"},{"taxonomy":"product_tag","embeddable":true,"href":"https:\/\/www.nuovacorti.it\/home\/wp-json\/wp\/v2\/product_tag?post=57724"}],"curies":[{"name":"wp","href":"https:\/\/api.w.org\/{rel}","templated":true}]}}