{"id":57738,"date":"2021-09-29T10:25:12","date_gmt":"2021-09-29T08:25:12","guid":{"rendered":"https:\/\/www.nuovacorti.it\/home\/?post_type=product&#038;p=57738"},"modified":"2021-09-29T10:25:25","modified_gmt":"2021-09-29T08:25:25","slug":"manicotti-ciclismo-assos-evo-7","status":"publish","type":"product","link":"https:\/\/www.nuovacorti.it\/home\/prodotto\/manicotti-ciclismo-assos-evo-7\/","title":{"rendered":"Manicotti Ciclismo Assos Evo 7"},"content":{"rendered":"<p><strong>Manicotti Ciclismo Assos Evo 7<\/strong><\/p>\n<h5 class=\"MuiTypography-root jss71 MuiTypography-h2\">DENTRO IL PRODOTTO<\/h5>\n<div class=\"MuiTypography-root jss72 MuiTypography-body1\">Le partenze mattutine, le rapide discese o i repentini cambi meteorologici possono rendere inadeguata la tua maglia da ciclismo a maniche corte, persino in estate. I nostri manicotti armWarmer_evo7 uniscono la traspirabilit\u00e0 e il leggero isolamento termico per fornire un tepore asciutto nei giorni pi\u00f9 freschi. Inoltre, si comprimono per occupare soltanto la met\u00e0 dello spazio di una tasca, per questo sono i partner perfetti per le pedalate estive.<\/div>\n<div><\/div>\n<h5 class=\"MuiTypography-root jss72 MuiTypography-body1\">LE PARTICOLARIT\u00c0<\/h5>\n<div>\n<div class=\"jss192\">\n<div class=\"swiper-container swiper-container-initialized swiper-container-horizontal swiper-container-pointer-events\">\n<div class=\"swiper-wrapper\">\n<div class=\"swiper-slide swiper-slide-active\">\n<div class=\"MuiTypography-root MuiTypography-body1\">RX Light \u00e8 un tessuto traspirante, leggermente isolante ed estremamente elastico: comfort puro per le pedalate in condizioni atmosferiche fresche.<\/div>\n<\/div>\n<div class=\"swiper-slide swiper-slide-next\">\n<div class=\"MuiTypography-root MuiTypography-body1\">CONSTRUCTION\/FIT.<\/div>\n<\/div>\n<\/div>\n<\/div>\n<\/div>\n<\/div>\n<div><\/div>\n<div>Il taglio anatomico specifico per il braccio destro e sinistro migliora la vestibilit\u00e0 e amplifica la libert\u00e0 di movimento quando sei in sella.<\/div>\n<div><\/div>\n<div><span style=\"color: #555555;\">I <\/span><strong style=\"color: #555555;\">Manicotti Ciclismo Assos Evo 7<\/strong><span style=\"color: #555555;\">\u00a0sono disponibili nelle seguenti misure:<\/span><\/div>\n<div>\n<p>S, M, L<\/p>\n<p>Milkywayshop.it \u00e8 lo store online dello storico negozio fisico di Sassuolo (MO)\u00a0<a href=\"https:\/\/www.nuovacorti.it\/home\/\">Nuova Corti Shop S.R.L<\/a><\/p>\n<p>Ci troviamo in Viale Palestro 19, Sassuolo provincia di Modena.<\/p>\n<p><strong>Per qualsiasi informazione non esitare a\u00a0<a href=\"https:\/\/milkywayshop.it\/contatti\/\">contattarci!<\/a><\/strong><\/p>\n<p>Grazie e Buon Acquisto.<\/p>\n<\/div>\n<p>&nbsp;<\/p>\n","protected":false},"excerpt":{"rendered":"<p>Classici manicotti per le condizioni climatiche fresche e variabili che contraddistinguono le giornate primaverili e autunnali.<\/p>\n","protected":false},"featured_media":57745,"comment_status":"open","ping_status":"closed","template":"","meta":[],"product_cat":[230,791,849],"product_tag":[],"_links":{"self":[{"href":"https:\/\/www.nuovacorti.it\/home\/wp-json\/wp\/v2\/product\/57738"}],"collection":[{"href":"https:\/\/www.nuovacorti.it\/home\/wp-json\/wp\/v2\/product"}],"about":[{"href":"https:\/\/www.nuovacorti.it\/home\/wp-json\/wp\/v2\/types\/product"}],"replies":[{"embeddable":true,"href":"https:\/\/www.nuovacorti.it\/home\/wp-json\/wp\/v2\/comments?post=57738"}],"wp:featuredmedia":[{"embeddable":true,"href":"https:\/\/www.nuovacorti.it\/home\/wp-json\/wp\/v2\/media\/57745"}],"wp:attachment":[{"href":"https:\/\/www.nuovacorti.it\/home\/wp-json\/wp\/v2\/media?parent=57738"}],"wp:term":[{"taxonomy":"product_cat","embeddable":true,"href":"https:\/\/www.nuovacorti.it\/home\/wp-json\/wp\/v2\/product_cat?post=57738"},{"taxonomy":"product_tag","embeddable":true,"href":"https:\/\/www.nuovacorti.it\/home\/wp-json\/wp\/v2\/product_tag?post=57738"}],"curies":[{"name":"wp","href":"https:\/\/api.w.org\/{rel}","templated":true}]}}