{"id":57747,"date":"2021-09-29T10:25:27","date_gmt":"2021-09-29T08:25:27","guid":{"rendered":"https:\/\/www.nuovacorti.it\/home\/?post_type=product&#038;p=57747"},"modified":"2021-09-29T10:25:55","modified_gmt":"2021-09-29T08:25:55","slug":"sottocasco-ciclismo-assos-robo-foil","status":"publish","type":"product","link":"https:\/\/www.nuovacorti.it\/home\/prodotto\/sottocasco-ciclismo-assos-robo-foil\/","title":{"rendered":"Sottocasco Ciclismo Assos Robo Foil"},"content":{"rendered":"<p><strong>Sottocasco Ciclismo Assos Robo Foil<\/strong><\/p>\n<p><strong>DENTRO IL PRODOTTO<\/strong><\/p>\n<p>Le caratteristiche di cui deve essere dotato un buon casco da ciclismo sono sostanzialmente due: aerodinamicit\u00e0 e ventilazione. Quest&#8217;ultima pu\u00f2 essere un problema durante le pedalate nei climi freschi, ma grazie alla giusta dose di traspirabilit\u00e0 e al leggero isolamento di Robo Foil, il tuo casco estivo diventa perfetto anche per le temperature fresche delle stagioni intermedie.<\/p>\n<h6>LE PARTICOLARIT\u00c0<\/h6>\n<div>\n<div class=\"jss192\">\n<div class=\"swiper-container swiper-container-initialized swiper-container-horizontal swiper-container-pointer-events\">\n<div class=\"swiper-wrapper\">\n<div class=\"swiper-slide swiper-slide-active\">\n<div class=\"MuiTypography-root MuiTypography-body1\">RX Light \u00e8 un tessuto traspirante, leggermente isolante ed estremamente elastico: comfort puro per le pedalate in condizioni atmosferiche fresche.<\/div>\n<\/div>\n<div class=\"swiper-slide swiper-slide-next\">\n<div class=\"MuiTypography-root MuiTypography-body1\">CONSTRUCTION\/FIT.<\/div>\n<\/div>\n<\/div>\n<\/div>\n<\/div>\n<\/div>\n<div><\/div>\n<div>Il taglio anatomico specifico per il braccio destro e sinistro migliora la vestibilit\u00e0 e amplifica la libert\u00e0 di movimento quando sei in sella.<\/div>\n<div><\/div>\n<div><span style=\"color: #555555;\">I <\/span><strong style=\"color: #555555;\">Manicotti Ciclismo Assos Evo 7<\/strong><span style=\"color: #555555;\">\u00a0sono disponibili nelle seguenti misure:<\/span><\/div>\n<div>\n<p>S, M, L<\/p>\n<p>Milkywayshop.it \u00e8 lo store online dello storico negozio fisico di Sassuolo (MO)\u00a0<a href=\"https:\/\/www.nuovacorti.it\/home\/\">Nuova Corti Shop S.R.L<\/a><\/p>\n<p>Ci troviamo in Viale Palestro 19, Sassuolo provincia di Modena.<\/p>\n<p><strong>Per qualsiasi informazione non esitare a\u00a0<a href=\"https:\/\/milkywayshop.it\/contatti\/\">contattarci!<\/a><\/strong><\/p>\n<p>Grazie e Buon Acquisto.<\/p>\n<\/div>\n<p>&nbsp;<\/p>\n","protected":false},"excerpt":{"rendered":"<p>Una calotta che garantisce un leggero isolamento e un calore avvolgente della testa per offrirti un comfort ottimale quando ti impegni per mantenere stabili le tue prestazioni in primavera e consolidare i tuoi risultati in autunno.<\/p>\n","protected":false},"featured_media":57777,"comment_status":"open","ping_status":"closed","template":"","meta":[],"product_cat":[793,791],"product_tag":[],"_links":{"self":[{"href":"https:\/\/www.nuovacorti.it\/home\/wp-json\/wp\/v2\/product\/57747"}],"collection":[{"href":"https:\/\/www.nuovacorti.it\/home\/wp-json\/wp\/v2\/product"}],"about":[{"href":"https:\/\/www.nuovacorti.it\/home\/wp-json\/wp\/v2\/types\/product"}],"replies":[{"embeddable":true,"href":"https:\/\/www.nuovacorti.it\/home\/wp-json\/wp\/v2\/comments?post=57747"}],"wp:featuredmedia":[{"embeddable":true,"href":"https:\/\/www.nuovacorti.it\/home\/wp-json\/wp\/v2\/media\/57777"}],"wp:attachment":[{"href":"https:\/\/www.nuovacorti.it\/home\/wp-json\/wp\/v2\/media?parent=57747"}],"wp:term":[{"taxonomy":"product_cat","embeddable":true,"href":"https:\/\/www.nuovacorti.it\/home\/wp-json\/wp\/v2\/product_cat?post=57747"},{"taxonomy":"product_tag","embeddable":true,"href":"https:\/\/www.nuovacorti.it\/home\/wp-json\/wp\/v2\/product_tag?post=57747"}],"curies":[{"name":"wp","href":"https:\/\/api.w.org\/{rel}","templated":true}]}}